{"id":231313,"date":"2026-03-25T16:28:35","date_gmt":"2026-03-25T13:28:35","guid":{"rendered":"https:\/\/t4gstore.com\/shop\/%d8%b5%d9%86%d8%af%d9%88%d9%82-%d8%a7%d9%84%d8%a3%d9%84%d8%b9%d8%a7%d8%a8-lian-li-lancool-217-%d9%85%d9%8a%d8%af-%d8%aa%d8%a7%d9%88%d8%b1-%d8%a7%d9%84%d9%85%d8%aa%d9%88%d8%a7%d9%81%d9%82-%d9%85\/"},"modified":"2026-03-25T16:28:35","modified_gmt":"2026-03-25T13:28:35","slug":"%d8%b5%d9%86%d8%af%d9%88%d9%82-%d8%a7%d9%84%d8%a3%d9%84%d8%b9%d8%a7%d8%a8-lian-li-lancool-217-%d9%85%d9%8a%d8%af-%d8%aa%d8%a7%d9%88%d8%b1-%d8%a7%d9%84%d9%85%d8%aa%d9%88%d8%a7%d9%81%d9%82-%d9%85","status":"publish","type":"product","link":"https:\/\/t4gstore.com\/ar\/\u0645\u062a\u062c\u0631\/%d8%b5%d9%86%d8%af%d9%88%d9%82-%d8%a7%d9%84%d8%a3%d9%84%d8%b9%d8%a7%d8%a8-lian-li-lancool-217-%d9%85%d9%8a%d8%af-%d8%aa%d8%a7%d9%88%d8%b1-%d8%a7%d9%84%d9%85%d8%aa%d9%88%d8%a7%d9%81%d9%82-%d9%85\/","title":{"rendered":"\u0635\u0646\u062f\u0648\u0642 \u0627\u0644\u0623\u0644\u0639\u0627\u0628 Lian Li Lancool 217 (\u0645\u064a\u062f \u062a\u0627\u0648\u0631) \u0627\u0644\u0645\u062a\u0648\u0627\u0641\u0642 \u0645\u0639 \u0644\u0648\u062d\u0627\u062a ATX \u2013 \u0627\u0644\u0644\u0648\u0646 \u0627\u0644\u0623\u0628\u064a\u0636 (\u064a\u062a\u0636\u0645\u0646 3 \u0645\u0631\u0627\u0648\u062d)."},"content":{"rendered":"<table class=\"table table-bordered table-responsive\" border=\"1\" width=\"100%\">\n<tbody>\n<tr>\n<td width=\"auto\"><\/td>\n<td width=\"auto\">\u0627\u0633\u0645 \u0627\u0644\u0645\u0646\u062a\u062c (Product Name): LANCOOL 217 INF<\/td>\n<\/tr>\n<tr>\n<td width=\"auto\"><\/td>\n<td width=\"auto\">\u0627\u0633\u0645 \u0627\u0644\u0645\u0648\u062f\u064a\u0644 (Model Name): LAN217INFW<\/td>\n<\/tr>\n<tr>\n<td width=\"auto\"><\/td>\n<td width=\"auto\">\u0646\u0648\u0639 \u0627\u0644\u0635\u0646\u062f\u0648\u0642 (Case Type): Mid-Tower (\u0628\u0631\u062c \u0645\u062a\u0648\u0633\u0637)<\/td>\n<\/tr>\n<tr>\n<td width=\"auto\"><\/td>\n<td width=\"auto\">\u0627\u0644\u0644\u0648\u0646 \u0627\u0644\u0627\u0628\u064a\u0636<\/td>\n<\/tr>\n<tr>\n<td width=\"auto\"><strong>Dimensions (L\u00d7W\u00d7H)<\/strong><\/td>\n<td width=\"auto\">482 \u00d7 238 \u00d7 503 mm<\/td>\n<\/tr>\n<tr>\n<td width=\"auto\"><strong>Materials<\/strong><\/td>\n<td width=\"auto\">Steel \/ 4.0 mm Tempered Glass<\/td>\n<\/tr>\n<tr>\n<td width=\"auto\"><strong>Motherboard Support<\/strong><\/td>\n<td width=\"auto\">SSI-EEB, E-ATX, ATX, Micro-ATX, Mini-ITX<\/td>\n<\/tr>\n<tr>\n<td width=\"auto\"><strong>Back-Connect MB Support<\/strong><\/td>\n<td width=\"auto\">ATX \/ M-ATX<\/td>\n<\/tr>\n<tr>\n<td width=\"auto\"><strong>PSU Length Limit<\/strong><\/td>\n<td width=\"auto\">ATX up to 220 mm (standard) \/ 180 mm (rotated)<\/td>\n<\/tr>\n<tr>\n<td width=\"auto\"><strong>Fan Support<\/strong><\/td>\n<td width=\"auto\">Front: 2\u00d7170 mm (pre-installed); Top: 3\u00d7120 mm or 2\u00d7140 mm; Bottom (above PSU): 3\u00d7120 mm; Bottom (under PSU): 2\u00d7120 mm; Rear: 1\u00d7140 mm (pre-installed) or 1\u00d7120 mm<\/td>\n<\/tr>\n<tr>\n<td width=\"auto\"><strong>Radiator Support<\/strong><\/td>\n<td width=\"auto\">Top: 360 \/ 280 \/ 240 mm<\/td>\n<\/tr>\n<tr>\n<td width=\"auto\"><strong>Drive Bays<\/strong><\/td>\n<td width=\"auto\">Up to 2\u00d72.5\u2033 (rear tray); Drive cages: 2 (3.5\u2033 + 2.5\u2033 options); PSU shroud: 1\u00d72.5\u2033<\/td>\n<\/tr>\n<tr>\n<td width=\"auto\"><strong>GPU Clearance<\/strong><\/td>\n<td width=\"auto\">380 mm<\/td>\n<\/tr>\n<tr>\n<td width=\"auto\"><strong>CPU Cooler Height<\/strong><\/td>\n<td width=\"auto\">180 mm max<\/td>\n<\/tr>\n<tr>\n<td width=\"auto\"><strong>Expansion Slots<\/strong><\/td>\n<td width=\"auto\">7<\/td>\n<\/tr>\n<tr>\n<td width=\"auto\"><strong>Front I\/O<\/strong><\/td>\n<td width=\"auto\">Power, 2\u00d7USB 3.0, 1\u00d7USB-C 3.2, Audio\/Mic, M1 Lighting, M2 Fan Lighting<\/td>\n<\/tr>\n<tr>\n<td width=\"auto\"><strong>Dust Filters<\/strong><\/td>\n<td width=\"auto\">Bottom \u00d71 \/ Front \u00d71 (\u00d72 RU version only)<\/td>\n<\/tr>\n<tr>\n<td width=\"auto\"><strong>Integrated Hub<\/strong><\/td>\n<td width=\"auto\">ARGB &amp; Fan Hub (3\u00d7 Fan headers, 1\u00d7 ARGB header)<\/td>\n<\/tr>\n<\/tbody>\n<\/table>\n","protected":false},"excerpt":{"rendered":"<ul class=\"product-attributes-featured product-feature-bullets\">\n<li>Mid-tower chassis engineered for high-volume airflow with a bold infinity-mirror front aesthetic.<\/li>\n<li>Dual 170 mm front fans + 140 mm rear fan deliver strong, efficient system cooling.<\/li>\n<li>Tempered-glass front panel with precision cutouts and integrated infinity-mirror lighting.<\/li>\n<li>Supports wireless fan and ARGB lighting control through L-Connect 3 (L-Wireless controller required), I\/O buttons, or motherboard sync.<\/li>\n<li>Compatible with back-connect motherboards for cleaner cable routing and a streamlined build.<\/li>\n<li>Certified PPLP S-Class Thermal Performance for reliable cooling under demanding loads.<\/li>\n<\/ul>\n","protected":false},"featured_media":231169,"comment_status":"open","ping_status":"closed","template":"","meta":[],"product_brand":[959],"product_cat":[698,697],"product_tag":[],"class_list":{"0":"post-231313","1":"product","2":"type-product","3":"status-publish","4":"has-post-thumbnail","6":"product_brand-lian-li","7":"product_cat-698","8":"product_cat-697","9":"pa_warranty-warranty-1-year","11":"pa_warranty-716","13":"first","14":"instock","15":"taxable","16":"shipping-taxable","17":"purchasable","18":"product-type-simple"},"_links":{"self":[{"href":"https:\/\/t4gstore.com\/ar\/wp-json\/wp\/v2\/product\/231313","targetHints":{"allow":["GET"]}}],"collection":[{"href":"https:\/\/t4gstore.com\/ar\/wp-json\/wp\/v2\/product"}],"about":[{"href":"https:\/\/t4gstore.com\/ar\/wp-json\/wp\/v2\/types\/product"}],"replies":[{"embeddable":true,"href":"https:\/\/t4gstore.com\/ar\/wp-json\/wp\/v2\/comments?post=231313"}],"version-history":[{"count":0,"href":"https:\/\/t4gstore.com\/ar\/wp-json\/wp\/v2\/product\/231313\/revisions"}],"wp:featuredmedia":[{"embeddable":true,"href":"https:\/\/t4gstore.com\/ar\/wp-json\/wp\/v2\/media\/231169"}],"wp:attachment":[{"href":"https:\/\/t4gstore.com\/ar\/wp-json\/wp\/v2\/media?parent=231313"}],"wp:term":[{"taxonomy":"product_brand","embeddable":true,"href":"https:\/\/t4gstore.com\/ar\/wp-json\/wp\/v2\/product_brand?post=231313"},{"taxonomy":"product_cat","embeddable":true,"href":"https:\/\/t4gstore.com\/ar\/wp-json\/wp\/v2\/product_cat?post=231313"},{"taxonomy":"product_tag","embeddable":true,"href":"https:\/\/t4gstore.com\/ar\/wp-json\/wp\/v2\/product_tag?post=231313"}],"curies":[{"name":"wp","href":"https:\/\/api.w.org\/{rel}","templated":true}]}}