{"id":205084,"date":"2022-02-13T13:40:27","date_gmt":"2022-02-13T13:40:27","guid":{"rendered":"https:\/\/t4gstore.com\/shop\/%d9%86%d9%8a%d9%86%d8%aa%d9%86%d8%af%d9%88-%d8%b3%d9%88%d9%8a%d8%aa%d8%b4-%d8%a8%d9%88%d9%83%d9%8a%d9%85%d9%88%d9%86-%d8%a8%d8%b1%d9%8a%d9%84%d9%8a%d8%a7%d9%86%d8%aa-%d8%af%d8%a7%d9%8a%d9%85%d9%88\/"},"modified":"2022-02-13T13:40:27","modified_gmt":"2022-02-13T10:40:27","slug":"%d9%86%d9%8a%d9%86%d8%aa%d9%86%d8%af%d9%88-%d8%b3%d9%88%d9%8a%d8%aa%d8%b4-%d8%a8%d9%88%d9%83%d9%8a%d9%85%d9%88%d9%86-%d8%a8%d8%b1%d9%8a%d9%84%d9%8a%d8%a7%d9%86%d8%aa-%d8%af%d8%a7%d9%8a%d9%85%d9%88","status":"publish","type":"product","link":"https:\/\/t4gstore.com\/ar\/\u0645\u062a\u062c\u0631\/%d9%86%d9%8a%d9%86%d8%aa%d9%86%d8%af%d9%88-%d8%b3%d9%88%d9%8a%d8%aa%d8%b4-%d8%a8%d9%88%d9%83%d9%8a%d9%85%d9%88%d9%86-%d8%a8%d8%b1%d9%8a%d9%84%d9%8a%d8%a7%d9%86%d8%aa-%d8%af%d8%a7%d9%8a%d9%85%d9%88\/","title":{"rendered":"\u0646\u064a\u0646\u062a\u0646\u062f\u0648 \u0633\u0648\u064a\u062a\u0634: \u0628\u0648\u0643\u064a\u0645\u0648\u0646 \u0628\u0631\u064a\u0644\u064a\u0627\u0646\u062a \u062f\u0627\u064a\u0645\u0648\u0646\u062f \u2013 R1"},"content":{"rendered":"<p>[mgz_pagebuilder]{\u201celements\u201d:[{\u201crow_type\u201d:\u201dfull_width_row\u201d,\u201dcontent_position\u201d:\u201dtop\u201d,\u201dgap_type\u201d:\u201dpadding\u201d,\u201dcontent_align\u201d:\u201dcenter\u201d,\u201ddevice_type\u201d:\u201dall\u201d,\u201dbackground_type\u201d:\u201dimage\u201d,\u201dbackground_style\u201d:\u201dauto\u201d,\u201dbackground_position\u201d:\u201dcenter-top\u201d,\u201dparallax_speed\u201d:0.5,\u201dmouse_parallax_size\u201d:30,\u201dmouse_parallax_speed\u201d:10000,\u201dlg_background_type\u201d:\u201dimage\u201d,\u201dlg_background_style\u201d:\u201dauto\u201d,\u201dlg_background_position\u201d:\u201dcenter-top\u201d,\u201dmd_background_type\u201d:\u201dimage\u201d,\u201dmd_background_style\u201d:\u201dauto\u201d,\u201dmd_background_position\u201d:\u201dcenter-top\u201d,\u201dsm_background_type\u201d:\u201dimage\u201d,\u201dsm_background_style\u201d:\u201dauto\u201d,\u201dsm_background_position\u201d:\u201dcenter-top\u201d,\u201dxs_background_type\u201d:\u201dimage\u201d,\u201dxs_background_style\u201d:\u201dauto\u201d,\u201dxs_background_position\u201d:\u201dcenter-top\u201d,\u201dtype\u201d:\u201drow\u201d,\u201did\u201d:\u201dqxqd1k0&#8243;,\u201delements\u201d:[{\u201cdevice_type\u201d:\u201dall\u201d,\u201dbackground_type\u201d:\u201dimage\u201d,\u201dbackground_style\u201d:\u201dauto\u201d,\u201dbackground_position\u201d:\u201dcenter-top\u201d,\u201dparallax_speed\u201d:0.5,\u201dmouse_parallax_size\u201d:30,\u201dmouse_parallax_speed\u201d:10000,\u201dlg_background_type\u201d:\u201dimage\u201d,\u201dlg_background_style\u201d:\u201dauto\u201d,\u201dlg_background_position\u201d:\u201dcenter-top\u201d,\u201dmd_background_type\u201d:\u201dimage\u201d,\u201dmd_background_style\u201d:\u201dauto\u201d,\u201dmd_background_position\u201d:\u201dcenter-top\u201d,\u201dsm_background_type\u201d:\u201dimage\u201d,\u201dsm_background_style\u201d:\u201dauto\u201d,\u201dsm_background_position\u201d:\u201dcenter-top\u201d,\u201dxs_background_type\u201d:\u201dimage\u201d,\u201dxs_background_style\u201d:\u201dauto\u201d,\u201dxs_background_position\u201d:\u201dcenter-top\u201d,\u201dxl_offset_size\u201d:\u201d\u201d,\u201dxl_size\u201d:\u201d\u201d,\u201dlg_offset_size\u201d:\u201d\u201d,\u201dlg_size\u201d:\u201d\u201d,\u201dmd_offset_size\u201d:\u201d\u201d,\u201dsm_offset_size\u201d:\u201d\u201d,\u201dsm_size\u201d:\u201d\u201d,\u201dxs_size\u201d:\u201d\u201d,\u201dtype\u201d:\u201dcolumn\u201d,\u201did\u201d:\u201duv3w818&#8243;,\u201delements\u201d:[{\u201ccontent\u201d:\u201d<\/p>\n<p><strong>Product Description:<\/strong><\/p>\n<p>\\n<\/p>\n<p><strong>Nintendo Switch: Pokemon Brilliant Diamond \u2013 R1<\/strong><\/p>\n<p>\\n<\/p>\n<p>Experience the nostalgic story from the Pok\u00e9mon Diamond Version game in a reimagined adventure, Pok\u00e9mon\u2122 Brilliant Diamond, now on the Nintendo Switch\u2122 system! Adventures in the Pok\u00e9mon Brilliant Diamond game will take place in the familiar Sinnoh region. Rich in nature and with mighty Mount Coronet at its heart, Sinnoh is a land of many myths passed down through the ages. You\u2019ll choose either Turtwig, Chimchar, or Piplup to be your first partner Pok\u00e9mon and then set off on your journey to become the Champion of the Pok\u00e9mon League. Along the way, you\u2019ll be able to encounter the Legendary Pok\u00e9mon Dialga.<\/p>\n<p>\\n<\/p>\n<p>Adventure together with the Pok\u00e9mon that appeared in the Pok\u00e9mon Diamond Version game. Players of the original games can revisit familiar places and relive familiar scenes, while first time players can enjoy plenty of fun encounters and surprises that the Sinnoh region has to offer. The original story and the scale of the Sinnoh region\u2019s towns and routes have been faithfully reproduced. This remake has also been revitalized with some of the player-friendly features of modern Pok\u00e9mon games and up-close-and-personal Pok\u00e9mon battle scenes.<\/p>\n<p>\\n<\/p>\n<p>Whether you played Pok\u00e9mon Diamond Version or Pok\u00e9mon Pearl Version back in the day or you\u2019re encountering these games for the first time, there\u2019s something for everyone to enjoy.<\/p>\n<p>\\n<\/p>\n<p>\u201c,\u201ddevice_type\u201d:\u201dall\u201d,\u201dbackground_type\u201d:\u201dimage\u201d,\u201dbackground_style\u201d:\u201dauto\u201d,\u201dbackground_position\u201d:\u201dcenter-top\u201d,\u201dparallax_speed\u201d:0.5,\u201dmouse_parallax_size\u201d:30,\u201dmouse_parallax_speed\u201d:10000,\u201dlg_background_type\u201d:\u201dimage\u201d,\u201dlg_background_style\u201d:\u201dauto\u201d,\u201dlg_background_position\u201d:\u201dcenter-top\u201d,\u201dmd_background_type\u201d:\u201dimage\u201d,\u201dmd_background_style\u201d:\u201dauto\u201d,\u201dmd_background_position\u201d:\u201dcenter-top\u201d,\u201dsm_background_type\u201d:\u201dimage\u201d,\u201dsm_background_style\u201d:\u201dauto\u201d,\u201dsm_background_position\u201d:\u201dcenter-top\u201d,\u201dxs_background_type\u201d:\u201dimage\u201d,\u201dxs_background_style\u201d:\u201dauto\u201d,\u201dxs_background_position\u201d:\u201dcenter-top\u201d,\u201dtype\u201d:\u201dtext\u201d,\u201did\u201d:\u201dbr6gp89&#8243;}]}]}],\u201dpid\u201d:\u201dp8hxs3nor5dg\u201d}[\/mgz_pagebuilder]<\/p>\n","protected":false},"excerpt":{"rendered":"<p>[mgz_pagebuilder]{\u201celements\u201d:[{\u201crow_type\u201d:\u201dfull_width_row\u201d,\u201dcontent_position\u201d:\u201dtop\u201d,\u201dgap_type\u201d:\u201dpadding\u201d,\u201dcontent_align\u201d:\u201dcenter\u201d,\u201ddevice_type\u201d:\u201dall\u201d,\u201dbackground_type\u201d:\u201dimage\u201d,\u201dbackground_style\u201d:\u201dauto\u201d,\u201dbackground_position\u201d:\u201dcenter-top\u201d,\u201dparallax_speed\u201d:0.5,\u201dmouse_parallax_size\u201d:30,\u201dmouse_parallax_speed\u201d:10000,\u201dlg_background_type\u201d:\u201dimage\u201d,\u201dlg_background_style\u201d:\u201dauto\u201d,\u201dlg_background_position\u201d:\u201dcenter-top\u201d,\u201dmd_background_type\u201d:\u201dimage\u201d,\u201dmd_background_style\u201d:\u201dauto\u201d,\u201dmd_background_position\u201d:\u201dcenter-top\u201d,\u201dsm_background_type\u201d:\u201dimage\u201d,\u201dsm_background_style\u201d:\u201dauto\u201d,\u201dsm_background_position\u201d:\u201dcenter-top\u201d,\u201dxs_background_type\u201d:\u201dimage\u201d,\u201dxs_background_style\u201d:\u201dauto\u201d,\u201dxs_background_position\u201d:\u201dcenter-top\u201d,\u201dtype\u201d:\u201drow\u201d,\u201did\u201d:\u201dth2ggk8&#8243;,\u201delements\u201d:[{\u201cdevice_type\u201d:\u201dall\u201d,\u201dbackground_type\u201d:\u201dimage\u201d,\u201dbackground_style\u201d:\u201dauto\u201d,\u201dbackground_position\u201d:\u201dcenter-top\u201d,\u201dparallax_speed\u201d:0.5,\u201dmouse_parallax_size\u201d:30,\u201dmouse_parallax_speed\u201d:10000,\u201dlg_background_type\u201d:\u201dimage\u201d,\u201dlg_background_style\u201d:\u201dauto\u201d,\u201dlg_background_position\u201d:\u201dcenter-top\u201d,\u201dmd_background_type\u201d:\u201dimage\u201d,\u201dmd_background_style\u201d:\u201dauto\u201d,\u201dmd_background_position\u201d:\u201dcenter-top\u201d,\u201dsm_background_type\u201d:\u201dimage\u201d,\u201dsm_background_style\u201d:\u201dauto\u201d,\u201dsm_background_position\u201d:\u201dcenter-top\u201d,\u201dxs_background_type\u201d:\u201dimage\u201d,\u201dxs_background_style\u201d:\u201dauto\u201d,\u201dxs_background_position\u201d:\u201dcenter-top\u201d,\u201dxl_offset_size\u201d:\u201d\u201d,\u201dxl_size\u201d:\u201d\u201d,\u201dlg_offset_size\u201d:\u201d\u201d,\u201dlg_size\u201d:\u201d\u201d,\u201dmd_offset_size\u201d:\u201d\u201d,\u201dsm_offset_size\u201d:\u201d\u201d,\u201dsm_size\u201d:\u201d\u201d,\u201dxs_size\u201d:\u201d\u201d,\u201dtype\u201d:\u201dcolumn\u201d,\u201did\u201d:\u201dnsprphd\u201d,\u201delements\u201d:[{\u201ccontent\u201d:\u201d<\/p>\n<p><span>Experience the nostalgic story from the Pok\u00e9mon Diamond Version game in a reimagined adventure, Pok\u00e9monTM Brilliant Diamond, now on the Nintendo SwitchTM system! Adventures in the Pok\u00e9mon Brilliant Diamond game will take place in the familiar Sinnoh region.<\/span><\/p>\n<p>\u201c,\u201ddevice_type\u201d:\u201dall\u201d,\u201dbackground_type\u201d:\u201dimage\u201d,\u201dbackground_style\u201d:\u201dauto\u201d,\u201dbackground_position\u201d:\u201dcenter-top\u201d,\u201dparallax_speed\u201d:0.5,\u201dmouse_parallax_size\u201d:30,\u201dmouse_parallax_speed\u201d:10000,\u201dlg_background_type\u201d:\u201dimage\u201d,\u201dlg_background_style\u201d:\u201dauto\u201d,\u201dlg_background_position\u201d:\u201dcenter-top\u201d,\u201dmd_background_type\u201d:\u201dimage\u201d,\u201dmd_background_style\u201d:\u201dauto\u201d,\u201dmd_background_position\u201d:\u201dcenter-top\u201d,\u201dsm_background_type\u201d:\u201dimage\u201d,\u201dsm_background_style\u201d:\u201dauto\u201d,\u201dsm_background_position\u201d:\u201dcenter-top\u201d,\u201dxs_background_type\u201d:\u201dimage\u201d,\u201dxs_background_style\u201d:\u201dauto\u201d,\u201dxs_background_position\u201d:\u201dcenter-top\u201d,\u201dtype\u201d:\u201dtext\u201d,\u201did\u201d:\u201dcg21tg7&#8243;}]}]}],\u201dpid\u201d:\u201dap4cd3nt8knf\u201d}[\/mgz_pagebuilder]<\/p>\n","protected":false},"featured_media":205085,"comment_status":"open","ping_status":"closed","template":"","meta":[],"product_brand":[],"product_cat":[764,708],"product_tag":[],"class_list":{"0":"post-205084","1":"product","2":"type-product","3":"status-publish","4":"has-post-thumbnail","6":"product_cat-764","7":"product_cat-708","9":"first","10":"instock","11":"taxable","12":"shipping-taxable","13":"purchasable","14":"product-type-simple"},"_links":{"self":[{"href":"https:\/\/t4gstore.com\/ar\/wp-json\/wp\/v2\/product\/205084","targetHints":{"allow":["GET"]}}],"collection":[{"href":"https:\/\/t4gstore.com\/ar\/wp-json\/wp\/v2\/product"}],"about":[{"href":"https:\/\/t4gstore.com\/ar\/wp-json\/wp\/v2\/types\/product"}],"replies":[{"embeddable":true,"href":"https:\/\/t4gstore.com\/ar\/wp-json\/wp\/v2\/comments?post=205084"}],"version-history":[{"count":0,"href":"https:\/\/t4gstore.com\/ar\/wp-json\/wp\/v2\/product\/205084\/revisions"}],"wp:featuredmedia":[{"embeddable":true,"href":"https:\/\/t4gstore.com\/ar\/wp-json\/wp\/v2\/media\/205085"}],"wp:attachment":[{"href":"https:\/\/t4gstore.com\/ar\/wp-json\/wp\/v2\/media?parent=205084"}],"wp:term":[{"taxonomy":"product_brand","embeddable":true,"href":"https:\/\/t4gstore.com\/ar\/wp-json\/wp\/v2\/product_brand?post=205084"},{"taxonomy":"product_cat","embeddable":true,"href":"https:\/\/t4gstore.com\/ar\/wp-json\/wp\/v2\/product_cat?post=205084"},{"taxonomy":"product_tag","embeddable":true,"href":"https:\/\/t4gstore.com\/ar\/wp-json\/wp\/v2\/product_tag?post=205084"}],"curies":[{"name":"wp","href":"https:\/\/api.w.org\/{rel}","templated":true}]}}