{"id":149874,"date":"2025-12-21T15:43:11","date_gmt":"2025-12-21T12:43:11","guid":{"rendered":"https:\/\/t4gstore.com\/shop\/%d9%85%d8%a8%d8%b1%d8%af-%d8%b3%d8%a7%d8%a6%d9%84-%d8%af%d9%8a%d8%ac%d9%8a%d8%aa%d8%a7%d9%84-%d8%a5%d9%8a%d8%b1%d9%88%d9%83%d9%88%d9%84-%d8%a3%d8%a8%d9%8a%d8%b3-l360r-%d8%a3%d8%b3%d9%88%d8%af\/"},"modified":"2025-12-21T15:43:11","modified_gmt":"2025-12-21T12:43:11","slug":"%d9%85%d8%a8%d8%b1%d8%af-%d8%b3%d8%a7%d8%a6%d9%84-%d8%af%d9%8a%d8%ac%d9%8a%d8%aa%d8%a7%d9%84-%d8%a5%d9%8a%d8%b1%d9%88%d9%83%d9%88%d9%84-%d8%a3%d8%a8%d9%8a%d8%b3-l360r-%d8%a3%d8%b3%d9%88%d8%af","status":"publish","type":"product","link":"https:\/\/t4gstore.com\/ar\/\u0645\u062a\u062c\u0631\/%d9%85%d8%a8%d8%b1%d8%af-%d8%b3%d8%a7%d8%a6%d9%84-%d8%af%d9%8a%d8%ac%d9%8a%d8%aa%d8%a7%d9%84-%d8%a5%d9%8a%d8%b1%d9%88%d9%83%d9%88%d9%84-%d8%a3%d8%a8%d9%8a%d8%b3-l360r-%d8%a3%d8%b3%d9%88%d8%af\/","title":{"rendered":"\u0645\u0628\u0631\u062f \u0633\u0627\u0626\u0644 \u062f\u064a\u062c\u064a\u062a\u0627\u0644 \u0625\u064a\u0631\u0648\u0643\u0648\u0644 \u0623\u0628\u064a\u0633 L360R \u2013 \u0623\u0633\u0648\u062f"},"content":{"rendered":"<p>The Abyss\u00a0<strong>L360R Digi<\/strong>\u00a0delivers elite cooling performance with a pump head display that shows real-time CPU and GPU temperature and usage. A pure copper micro-channel water block and expanded radiator surface maximize heat transfer and dissipation, while PWM ARGB fans provide powerful airflow and pressure for stable system temperatures. With an integrated fan frame for clean cable management and 16.8 million-color lighting customization, it blends performance, convenience, and style.<\/p>\n<p><strong>Live System Feedback<\/strong><br \/>\nThe pump head features a built-in display for real-time monitoring of CPU and GPU temperatures and usage. Keep an eye on system performance without needing extra software.<\/p>\n<p><strong>Superior Heat Conductivity<\/strong><br \/>\nThe water block is crafted from pure copper, ensuring excellent heat conductivity. Its micro-channel design accelerates heat dissipation, allowing your system to stay cool and efficient even during intense gaming or heavy workloads. With a TDP rating of 320W, it delivers reliable thermal performance for high-demand setups.<\/p>\n<p><strong>Simple &amp; Clean Design<\/strong><br \/>\nIntegrated fan frames streamline installation and cable routing, while ceramic pump bearings ensure long-term durability and whisper-quiet operation.<\/p>\n<p><strong>High Performance ARGB Fans<\/strong><br \/>\nEquipped with high airflow and high air pressure fans, Abyss ensures superior cooling performance. These fans not only provide excellent cooling but also enhance visual appeal with vibrant ARGB lighting.<\/p>\n<p><strong>Hassle-free Installation<\/strong><br \/>\nDesigned with fewer parts, the brackets make installation quick and<br \/>\nstraightforward, saving time and effort during setup.<\/p>\n<p><strong>Specifications<\/strong><\/p>\n<ul>\n<li class=\"pf0\"><span class=\"cf0\">Model Name : Abyss L360R Digi BK<\/span><\/li>\n<li class=\"pf0\"><span class=\"cf0\">Block Material : Copper<\/span><\/li>\n<li class=\"pf0\"><span class=\"cf0\">Radiator Material : Corrosion resistant aluminum alloy<\/span><\/li>\n<li class=\"pf0\"><span class=\"cf0\">Radiator Dimension : 394 \u00d7 120 \u00d7 27 mm<\/span><\/li>\n<li class=\"pf0\"><span class=\"cf0\">TDP (Thermal Design Power) : 320W<\/span><\/li>\n<li class=\"pf0\"><span class=\"cf0\">Pump Speed : 600 ~ 3000 RPM \u00b1 10%<\/span><\/li>\n<li class=\"pf0\"><span class=\"cf0\">Pump Rated Voltage : DC 12.0V<\/span><\/li>\n<li class=\"pf0\"><span class=\"cf0\">Pump Rated Power : 4.2W<\/span><\/li>\n<li class=\"pf0\"><span class=\"cf0\">Pump Noise : 18 dB(A)<\/span><\/li>\n<li class=\"pf0\"><span class=\"cf0\">Pump Bearing Type : Ceramic bearing<\/span><\/li>\n<li class=\"pf0\"><span class=\"cf0\">Fan Speed : 660 ~ 1800 RPM \u00b1 10%<\/span><\/li>\n<li class=\"pf0\"><span class=\"cf0\">Fan Connector Type : PWM 4-Pin<\/span><\/li>\n<li class=\"pf0\"><span class=\"cf0\">Fan Dimensions (L \u00d7 W \u00d7 H) : 360 \u00d7 120 \u00d7 25.4 mm<\/span><\/li>\n<li class=\"pf0\"><span class=\"cf0\">Fan Starting Voltage : 6V<\/span><\/li>\n<li class=\"pf0\"><span class=\"cf0\">Fan Rated Voltage : DC 12.0V<\/span><\/li>\n<li class=\"pf0\"><span class=\"cf0\">Fan Rated Current : 1A<\/span><\/li>\n<li class=\"pf0\"><span class=\"cf0\">Fan Rated Power : 12W<\/span><\/li>\n<li class=\"pf0\"><span class=\"cf0\">Fan Air Pressure (Max.) (One Fan) : 2.3\u00a0<\/span><span class=\"cf0\">mmH<\/span><span class=\"cf1\">\u2082O<\/span><\/li>\n<li class=\"pf0\"><span class=\"cf1\">Fan Air Flow (Max.) (One Fan)<\/span><span class=\"cf0\">\u00a0:\u00a0<\/span><span class=\"cf1\">81.5 CFM<\/span><\/li>\n<li class=\"pf0\"><span class=\"cf1\">Fan Noise Level (Max.)<\/span><span class=\"cf0\">\u00a0:\u00a0<\/span><span class=\"cf1\">36.0 dB(A)<\/span><\/li>\n<li class=\"pf0\"><span class=\"cf1\">Fan Bearing Type<\/span><span class=\"cf0\">\u00a0:\u00a0<\/span><span class=\"cf1\">Hydro bearing<\/span><\/li>\n<li class=\"pf0\"><span class=\"cf1\">MTBF<\/span><span class=\"cf0\">\u00a0:\u00a0<\/span><span class=\"cf1\">30,000\u00a0<\/span><span class=\"cf1\">hrs<\/span><\/li>\n<li class=\"pf0\"><span class=\"cf1\">Socket<\/span><span class=\"cf0\">\u00a0:\u00a0<\/span><span class=\"cf1\">Intel LGA1851 \/ LGA1700 \/ LGA1200 \/ LGA115X \/ AMD AM5 \/ AM4<\/span><\/li>\n<li class=\"pf0\"><span class=\"cf1\">LED Type<\/span><span class=\"cf0\">\u00a0:\u00a0<\/span><span class=\"cf1\">Addressable RGB LED<\/span><\/li>\n<li class=\"pf0\"><span class=\"cf1\">LED Rated Voltage<\/span><span class=\"cf0\">\u00a0:\u00a0<\/span><span class=\"cf1\">5 VDC<\/span><\/li>\n<li class=\"pf0\"><span class=\"cf1\">LED Rated Power<\/span><span class=\"cf0\">\u00a0:\u00a0<\/span><span class=\"cf1\">1.8 W (Pump) \/ 1.44 W\u00a0<\/span><span class=\"cf0\">\u00d7 3 (Fan \u00d7 3)<\/span><\/li>\n<li class=\"pf0\"><span class=\"cf0\">LED Connector : 3-Pin (+5V-D-G)<\/span><\/li>\n<\/ul>\n","protected":false},"excerpt":{"rendered":"<ul>\n<li>\u0631\u0623\u0633 \u0627\u0644\u0645\u0636\u062e\u0629 \u0627\u0644\u0645\u0636\u064a\u0621 \u0628\u062a\u0642\u0646\u064a\u0629 ARGB \u064a\u0636\u064a\u0641 \u0625\u0636\u0627\u0621\u0629 \u0646\u0627\u0628\u0636\u0629 \u0628\u0627\u0644\u062d\u064a\u0627\u0629 \u0648\u0642\u0627\u0628\u0644\u0629 \u0644\u0644\u062a\u062e\u0635\u064a\u0635 \u0644\u062a\u0639\u0632\u064a\u0632 \u0645\u0638\u0647\u0631 \u0646\u0638\u0627\u0645\u0643.<\/li>\n<li>\u062a\u0635\u0646\u064a\u0641 TDP \u0628\u0642\u062f\u0631\u0629 320W \u064a\u0636\u0645\u0646 \u0642\u062f\u0631\u0629 \u062a\u0628\u0631\u064a\u062f \u0645\u0648\u062b\u0648\u0642\u0629 \u0644\u0644\u0623\u0646\u0638\u0645\u0629 \u0639\u0627\u0644\u064a\u0629 \u0627\u0644\u0623\u062f\u0627\u0621.<\/li>\n<li>\u0643\u062a\u0644\u0629 \u0627\u0644\u0645\u0627\u0621 \u0627\u0644\u0646\u062d\u0627\u0633\u064a\u0629 \u0627\u0644\u0646\u0642\u064a\u0629 \u0628\u062a\u0635\u0645\u064a\u0645 \u0627\u0644\u0642\u0646\u0648\u0627\u062a \u0627\u0644\u062f\u0642\u064a\u0642\u0629 \u062a\u0639\u0645\u0644 \u0639\u0644\u0649 \u062a\u062d\u0633\u064a\u0646 \u0646\u0642\u0644 \u0627\u0644\u062d\u0631\u0627\u0631\u0629 \u0644\u062a\u0628\u0631\u064a\u062f \u0623\u0641\u0636\u0644.<\/li>\n<li>\u0627\u0644\u0633\u0637\u062d \u0627\u0644\u0645\u0648\u0633\u0639 \u0644\u0644\u0645\u0634\u062a\u062a \u0627\u0644\u062d\u0631\u0627\u0631\u064a \u064a\u0632\u064a\u062f \u0645\u0646 \u062a\u0628\u062f\u064a\u062f \u0627\u0644\u062d\u0631\u0627\u0631\u0629 \u0644\u062a\u062d\u0633\u064a\u0646 \u0623\u062f\u0627\u0621 \u0627\u0644\u062a\u0628\u0631\u064a\u062f.<\/li>\n<li>\u0645\u0631\u0627\u0648\u062d PWM ARGB \u062a\u0648\u0641\u0631 \u062a\u062f\u0641\u0642 \u0647\u0648\u0627\u0621 \u0639\u0627\u0644\u064a \u0648\u0636\u063a\u0637 \u0644\u062a\u0628\u0631\u064a\u062f \u0641\u0639\u0627\u0644 \u0644\u0644\u0646\u0638\u0627\u0645.<\/li>\n<li>\u0625\u0637\u0627\u0631 \u0627\u0644\u0645\u0631\u0648\u062d\u0629 \u0627\u0644\u0645\u062f\u0645\u062c \u064a\u0628\u0633\u0637 \u0639\u0645\u0644\u064a\u0629 \u0627\u0644\u062a\u062b\u0628\u064a\u062a \u0648\u064a\u062d\u0627\u0641\u0638 \u0639\u0644\u0649 \u062a\u0646\u0638\u064a\u0645 \u0627\u0644\u0643\u0627\u0628\u0644\u0627\u062a.<\/li>\n<li>\u062a\u062d\u0643\u0645 \u0628\u0640 16.8 \u0645\u0644\u064a\u0648\u0646 \u0644\u0648\u0646 \u064a\u062a\u064a\u062d \u0644\u0643 \u0645\u0637\u0627\u0628\u0642\u0629 \u0625\u0636\u0627\u0621\u0629 \u0627\u0644\u0645\u0631\u0627\u0648\u062d \u0648\u0627\u0644\u0645\u0636\u062e\u0629 \u0645\u0639 \u0623\u0633\u0644\u0648\u0628 \u0628\u0646\u0627\u0621 \u062c\u0647\u0627\u0632\u0643.<\/li>\n<\/ul>\n","protected":false},"featured_media":149876,"comment_status":"open","ping_status":"closed","template":"","meta":[],"product_brand":[915],"product_cat":[748,697],"product_tag":[],"class_list":{"0":"post-149874","1":"product","2":"type-product","3":"status-publish","4":"has-post-thumbnail","6":"product_brand-aerocool","7":"product_cat-748","8":"product_cat-697","9":"pa_warranty-716","11":"first","12":"instock","13":"taxable","14":"shipping-taxable","15":"purchasable","16":"product-type-simple"},"_links":{"self":[{"href":"https:\/\/t4gstore.com\/ar\/wp-json\/wp\/v2\/product\/149874","targetHints":{"allow":["GET"]}}],"collection":[{"href":"https:\/\/t4gstore.com\/ar\/wp-json\/wp\/v2\/product"}],"about":[{"href":"https:\/\/t4gstore.com\/ar\/wp-json\/wp\/v2\/types\/product"}],"replies":[{"embeddable":true,"href":"https:\/\/t4gstore.com\/ar\/wp-json\/wp\/v2\/comments?post=149874"}],"version-history":[{"count":0,"href":"https:\/\/t4gstore.com\/ar\/wp-json\/wp\/v2\/product\/149874\/revisions"}],"wp:featuredmedia":[{"embeddable":true,"href":"https:\/\/t4gstore.com\/ar\/wp-json\/wp\/v2\/media\/149876"}],"wp:attachment":[{"href":"https:\/\/t4gstore.com\/ar\/wp-json\/wp\/v2\/media?parent=149874"}],"wp:term":[{"taxonomy":"product_brand","embeddable":true,"href":"https:\/\/t4gstore.com\/ar\/wp-json\/wp\/v2\/product_brand?post=149874"},{"taxonomy":"product_cat","embeddable":true,"href":"https:\/\/t4gstore.com\/ar\/wp-json\/wp\/v2\/product_cat?post=149874"},{"taxonomy":"product_tag","embeddable":true,"href":"https:\/\/t4gstore.com\/ar\/wp-json\/wp\/v2\/product_tag?post=149874"}],"curies":[{"name":"wp","href":"https:\/\/api.w.org\/{rel}","templated":true}]}}