{"id":145874,"date":"2025-07-01T18:36:00","date_gmt":"2025-07-01T18:36:00","guid":{"rendered":"https:\/\/t4gstore.com\/\u0645\u062a\u062c\u0631\/%d8%b3%d9%85%d8%a7%d8%b9%d8%a7%d8%aa-%d9%87%d9%88%d8%a7%d9%88%d9%8a-%d9%81%d8%b1%d9%8a%d8%a8%d8%a7%d8%af%d8%b2-6-%d8%a3%d8%a8%d9%8a%d8%b6\/"},"modified":"2025-07-01T18:36:00","modified_gmt":"2025-07-01T15:36:00","slug":"%d8%b3%d9%85%d8%a7%d8%b9%d8%a7%d8%aa-%d9%87%d9%88%d8%a7%d9%88%d9%8a-%d9%81%d8%b1%d9%8a%d8%a8%d8%a7%d8%af%d8%b2-6-%d8%a3%d8%a8%d9%8a%d8%b6","status":"publish","type":"product","link":"https:\/\/t4gstore.com\/ar\/\u0645\u062a\u062c\u0631\/%d8%b3%d9%85%d8%a7%d8%b9%d8%a7%d8%aa-%d9%87%d9%88%d8%a7%d9%88%d9%8a-%d9%81%d8%b1%d9%8a%d8%a8%d8%a7%d8%af%d8%b2-6-%d8%a3%d8%a8%d9%8a%d8%b6\/","title":{"rendered":"\u0633\u0645\u0627\u0639\u0627\u062a \u0647\u0648\u0627\u0648\u064a \u0641\u0631\u064a\u0628\u0627\u062f\u0632 6 \u2013 \u0623\u0628\u064a\u0636"},"content":{"rendered":"<style>#html-body [data-pb-style=DJ5R4V8],#html-body [data-pb-style=LVU2XQD]{justify-content:flex-start;display:flex;flex-direction:column;background-position:left top;background-size:cover;background-repeat:no-repeat;background-attachment:scroll}#html-body [data-pb-style=TVF8F1D]{text-align:center;border-style:none}#html-body [data-pb-style=DV6KVPJ],#html-body [data-pb-style=PG6AC04],#html-body [data-pb-style=T1BOIJH]{max-width:100%;height:auto}@media only screen and (max-width: 768px) { #html-body [data-pb-style=TVF8F1D]{border-style:none} }<\/style>\n<div data-content-type=\"row\" data-appearance=\"contained\" data-element=\"main\">\n<div data-enable-parallax=\"0\" data-parallax-speed=\"0.5\" data-background-images=\"{}\" data-background-type=\"image\" data-video-loop=\"true\" data-video-play-only-visible=\"true\" data-video-lazy-load=\"true\" data-video-fallback-src=\"\" data-element=\"inner\" data-pb-style=\"DJ5R4V8\">\n<figure data-content-type=\"image\" data-appearance=\"full-width\" data-element=\"main\" data-pb-style=\"TVF8F1D\"><picture><source media=\"(min-width: 768px)\" srcset=\"\/media\/wysiwyg\/FreeBuds_6_-_6_Reasons.webp\" data-pb-style=\"T1BOIJH\"><source media=\"(max-width: 767px)\" srcset=\"\/media\/wysiwyg\/FreeBuds_6_-_6_Reasons.webp\" data-pb-style=\"PG6AC04\"><img decoding=\"async\" src=\"https:\/\/t4gstore.com\/wp-content\/uploads\/2025\/07\/FreeBuds_6_-_6_Reasons.webp\" alt=\"\" title=\"\" class=\"\" data-element=\"desktop_image\" data-pb-style=\"DV6KVPJ\"><\/picture><\/figure>\n<\/div>\n<\/div>\n<div data-content-type=\"row\" data-appearance=\"contained\" data-element=\"main\">\n<div data-enable-parallax=\"0\" data-parallax-speed=\"0.5\" data-background-images=\"{}\" data-background-type=\"image\" data-video-loop=\"true\" data-video-play-only-visible=\"true\" data-video-lazy-load=\"true\" data-video-fallback-src=\"\" data-element=\"inner\" data-pb-style=\"LVU2XQD\">\n<div data-content-type=\"text\" data-appearance=\"default\" data-element=\"main\">\n<p><strong><span style=\"font-size: 16px;\"><span id=\"QHD5GRI\" class=\"large-accordion__title large-accordion-title\">Specification :<\/span><\/span><\/strong><\/p>\n<ul class=\"large-accordion__list\">\n<li class=\"large-accordion__item\" style=\"line-height: 28px;\">\n<p><span style=\"font-size: 16px;\"><button class=\"large-accordion__button large-accordion__button--expanded js-large-accordion-button\" type=\"button\"><span class=\"large-accordion__title large-accordion-title\">Dimensions<\/span><\/button><\/span><\/p>\n<div class=\"\">\n<div class=\"large-accordion-columns \">\n<div class=\"large-accordion__inner \">\n<p><span style=\"font-size: 16px;\">Earbuds dimensions (H \u00d7 W \u00d7 D): 30.6 mm \u00d7 18.5 mm \u00d7 24.0 mm;\u00a0<\/span><br \/><span style=\"font-size: 16px;\">Charging case dimensions (H \u00d7 W \u00d7 D): 66.2 mm \u00d7 49.9 mm \u00d7 26.8 mm.<\/span><\/p>\n<\/div>\n<div class=\"large-accordion__inner\">\n<p class=\"large-accordion-text\"><span style=\"font-size: 16px;\">*Actual dimensions may vary depending on configuration, manufacturing process, and measurement method.<\/span><\/p>\n<\/div>\n<\/div>\n<\/div>\n<\/li>\n<li class=\"large-accordion__item\" style=\"line-height: 28px;\">\n<p><span style=\"font-size: 16px;\"><button class=\"large-accordion__button large-accordion__button--expanded js-large-accordion-button\" type=\"button\"><span class=\"large-accordion__title large-accordion-title\">Weight<\/span><\/button><\/span><\/p>\n<div class=\"\">\n<div class=\"large-accordion-columns \">\n<div class=\"large-accordion__inner \">\n<p><span style=\"font-size: 16px;\">Each earbud:approx 4.9 g<\/span><br \/><span style=\"font-size: 16px;\">Charging case: approx 40.3 g<\/span><\/p>\n<\/div>\n<div class=\"large-accordion__inner\">\n<p class=\"large-accordion-text\"><span style=\"font-size: 16px;\">*The actual weight may vary slightly according to configuration, manufacturing process, and measurement method.<\/span><\/p>\n<\/div>\n<\/div>\n<\/div>\n<\/li>\n<li class=\"large-accordion__item\" style=\"line-height: 28px;\">\n<p><span style=\"font-size: 16px;\"><button class=\"large-accordion__button large-accordion__button--expanded js-large-accordion-button\" type=\"button\"><span class=\"large-accordion__title large-accordion-title\">Controls<\/span><\/button><\/span><\/p>\n<div class=\"\">\n<div class=\"large-accordion-columns \">\n<div class=\"large-accordion__inner \">\n<p><span style=\"font-size: 16px;\">Double-tap: Play\/pause\/next\/previous\/song, wake voice assistant\/answer\/end call<\/span><\/p>\n<p><span style=\"font-size: 16px;\">Triple-Tap: Previous\/next song<\/span><\/p>\n<p><span style=\"font-size: 16px;\">Swipe: Swipe up\/down to adjust volume<\/span><\/p>\n<p><span style=\"font-size: 16px;\">Press &#038; hold: reject call\/Enable\/Disable Noise canceling\/Wake up the voice assistant.<\/span><\/p>\n<\/div>\n<\/div>\n<\/div>\n<\/li>\n<li class=\"large-accordion__item\" style=\"line-height: 28px;\">\n<p><span style=\"font-size: 16px;\"><button class=\"large-accordion__button large-accordion__button--expanded js-large-accordion-button\" type=\"button\"><span class=\"large-accordion__title large-accordion-title\">Connectivity<\/span><\/button><\/span><\/p>\n<div class=\"\">\n<div class=\"large-accordion-columns \">\n<div class=\"large-accordion__inner \">\n<p><span style=\"font-size: 16px;\">Bluetooth: Bluetooth 5.2<\/span><\/p>\n<p><span style=\"font-size: 16px;\">Pairing pop-up: Supported*<\/span><\/p>\n<p><span style=\"font-size: 16px;\">Simultaneous Bluetooth connection with dual devices: Supported<\/span><\/p>\n<p class=\"large-accordion-subtext\"><span style=\"font-size: 16px;\">*Huawei phones\/tablets compatible with EMUI 11.0 and above versions are required.<\/span><\/p>\n<\/div>\n<\/div>\n<\/div>\n<\/li>\n<li class=\"large-accordion__item\" style=\"line-height: 28px;\">\n<p><span style=\"font-size: 16px;\"><button class=\"large-accordion__button large-accordion__button--expanded js-large-accordion-button\" type=\"button\"><span class=\"large-accordion__title large-accordion-title\">Battery<\/span><\/button><\/span><\/p>\n<div class=\"\">\n<div class=\"large-accordion-columns \">\n<div class=\"large-accordion__inner \">\n<div class=\"large-accordion-subtitle\"><span style=\"font-size: 16px;\">Battery Capacity<\/span><\/div>\n<p><span style=\"font-size: 16px;\">Battery type: Li-ion Polymer Battery<\/span><\/p>\n<p><span style=\"font-size: 16px;\">Earbuds: 39.5 mAh (minimum value each);\u00a0<\/span><\/p>\n<p><span style=\"font-size: 16px;\">Charging case: 510 mAh (minimum value)<\/span><\/p>\n<\/div>\n<div class=\"large-accordion__inner \">\n<div class=\"large-accordion-subtitle\"><span style=\"font-size: 16px;\">Battery Life<\/span><\/div>\n<p><span style=\"font-size: 16px;\">Prioritize connection quality:<\/span><\/p>\n<p><span style=\"font-size: 16px;\">Listening to music (noise reduction off): The Earbuds can be used for 6 hours on a single charge and 36 hours with a charging case;<\/span><\/p>\n<p><span style=\"font-size: 16px;\">Listening to music (noise reduction on): The Earbuds can be used for 4.5 hours on a single charge and for 27 hours with a charging case.<\/span><\/p>\n<\/div>\n<div class=\"large-accordion__inner \">\n<p><span style=\"font-size: 16px;\">Prioritize sound quality :<\/span><\/p>\n<p><span style=\"font-size: 16px;\">Listening to music (noise reduction off): The Earbuds can be used for 5.5 hours on a single charge and 32 hours with a charging case;<\/span><\/p>\n<p><span style=\"font-size: 16px;\">Listening to music (noise reduction on): The Earbuds can be used for 4.0 hours on a single charge and for 24 hours with a charging case.<\/span><\/p>\n<p><span style=\"font-size: 16px;\">Voice call (noise reduction off): The Earbuds can be used for 3 hours on a single charge and 19 hours with a charging case;<\/span><\/p>\n<p><span style=\"font-size: 16px;\">Voice call (noise reduction on): The Earbuds can be used for 2.8 hours on a single charge and 17 hours with a charging case.<\/span><\/p>\n<\/div>\n<div class=\"large-accordion__inner \">\n<div class=\"large-accordion-subtitle\"><span style=\"font-size: 16px;\">Charging Method<\/span><\/div>\n<p><span style=\"font-size: 16px;\">Wired charging: USB Type-C Port, 5V0.5A or above<\/span><\/p>\n<p><span style=\"font-size: 16px;\">Listening to music (noise reduction on): The Earbuds can be used for 4.0 hours on a Wireless Charger: Supported, up to 2W<\/span><\/p>\n<\/div>\n<div class=\"large-accordion__inner \">\n<div class=\"large-accordion-subtitle\"><span style=\"font-size: 16px;\">Charging Duration<\/span><\/div>\n<p><span style=\"font-size: 16px;\">Wired charging: charging case only, about 45 minutes; Headphones and charging case, about 45 minutes; The charging case charges the headphones for about 25 minutes. **<\/span><\/p>\n<p><span style=\"font-size: 16px;\">Wireless charging: charging case only, approx. 150 minutes. **<\/span><\/p>\n<p class=\"large-accordion-subtext\"><span style=\"font-size: 16px;\">*The battery life and charging data come from Huawei lab tests. During the tests, audio in AAC,L2HC or LDAC format was played at 50% volume level. The default settings were used for other features. Actual results may vary depending on the volume, audio source, environmental interference, product features, and usage habits.<\/span><\/p>\n<p class=\"large-accordion-subtext\"><span style=\"font-size: 16px;\">**Data comes from Huawei lab tests.<\/span><\/p>\n<\/div>\n<\/div>\n<\/div>\n<\/li>\n<li class=\"large-accordion__item\" style=\"line-height: 28px;\">\n<p><span style=\"font-size: 16px;\"><button class=\"large-accordion__button large-accordion__button--expanded js-large-accordion-button\" type=\"button\"><span class=\"large-accordion__title large-accordion-title\">Sensor<\/span><\/button><\/span><\/p>\n<div class=\"\">\n<div class=\"large-accordion-columns \">\n<div class=\"large-accordion__inner \">\n<p><span style=\"font-size: 16px;\">Infrared sensor\/Hall sensor\/Gyroscope\/Accelerometer sensor\/Bone acoustic sensor\/Touch sensor<\/span><\/p>\n<\/div>\n<\/div>\n<\/div>\n<\/li>\n<li class=\"large-accordion__item\" style=\"line-height: 28px;\">\n<p><span style=\"font-size: 16px;\"><button class=\"large-accordion__button large-accordion__button--expanded js-large-accordion-button\" type=\"button\"><span class=\"large-accordion__title large-accordion-title\">Driver<\/span><\/button><\/span><\/p>\n<div class=\"\">\n<div class=\"large-accordion-columns \">\n<div class=\"large-accordion__inner \">\n<p><span style=\"font-size: 16px;\">Dual Driver: 11 mm dynamic driver + planar diaphragm driver<\/span><\/p>\n<\/div>\n<\/div>\n<\/div>\n<\/li>\n<li class=\"large-accordion__item\" style=\"line-height: 28px;\">\n<p><span style=\"font-size: 16px;\"><button class=\"large-accordion__button large-accordion__button--expanded js-large-accordion-button\" type=\"button\"><span class=\"large-accordion__title large-accordion-title\">Audio Technology<\/span><\/button><\/span><\/p>\n<div class=\"\">\n<div class=\"large-accordion-columns \">\n<div class=\"large-accordion__inner \">\n<p><span style=\"font-size: 16px;\">Analog cross-over\/Triple Adaptive EQ\/Active noise cancellation\/Call noise cancellation<\/span><\/p>\n<\/div>\n<\/div>\n<\/div>\n<\/li>\n<li class=\"large-accordion__item\" style=\"line-height: 28px;\">\n<p><span style=\"font-size: 16px;\"><button class=\"large-accordion__button large-accordion__button--expanded js-large-accordion-button\" type=\"button\"><span class=\"large-accordion__title large-accordion-title\">Indicator<\/span><\/button><\/span><\/p>\n<div class=\"\">\n<div class=\"large-accordion-columns \">\n<div class=\"large-accordion__inner \">\n<p><span style=\"font-size: 16px;\">Indicator outside the charging case: four-colour indicator \u00d7 1<\/span><\/p>\n<\/div>\n<\/div>\n<\/div>\n<\/li>\n<li class=\"large-accordion__item\" style=\"line-height: 28px;\">\n<p><span style=\"font-size: 16px;\"><button class=\"large-accordion__button large-accordion__button--expanded js-large-accordion-button\" type=\"button\"><span class=\"large-accordion__title large-accordion-title\">Material<\/span><\/button><\/span><\/p>\n<div class=\"\">\n<div class=\"large-accordion-columns \">\n<div class=\"large-accordion__inner \">\n<p><span style=\"font-size: 16px;\">Earbuds: PC<\/span><\/p>\n<p><span style=\"font-size: 16px;\">Charging case: PC<\/span><\/p>\n<p><span style=\"font-size: 16px;\">Ear tips: silicone<\/span><\/p>\n<\/div>\n<\/div>\n<\/div>\n<\/li>\n<li class=\"large-accordion__item\" style=\"line-height: 28px;\">\n<p><span style=\"font-size: 16px;\"><button class=\"large-accordion__button large-accordion__button--expanded js-large-accordion-button\" type=\"button\"><span class=\"large-accordion__title large-accordion-title\">IP rating<\/span><\/button><\/span><\/p>\n<div class=\"\">\n<div class=\"large-accordion-columns \">\n<div class=\"large-accordion__inner \">\n<p><span style=\"font-size: 16px;\">Earbuds: IP54;\u00a0<\/span><\/p>\n<p><span style=\"font-size: 16px;\">Charging case: not supported<\/span><\/p>\n<p class=\"large-accordion-subtext\"><span style=\"font-size: 16px;\">*Note:IP54 dust- and water-resistance is only applicable to the earbuds themselves, not the charging case. This device is splash, dust, and water resistant in normal conditions. It was tested under controlled laboratory conditions and got an approved rating of IP54 under IEC standard 60529. Splash, dust, and water resistance are not permanent, and the performance may deteriorate due to daily wear-and-tear. Avoid charging the device in damp environments. Liquid damage is not covered under warranty.<\/span><\/p>\n<\/div>\n<\/div>\n<\/div>\n<\/li>\n<li class=\"large-accordion__item\" style=\"line-height: 28px;\">\n<p><span style=\"font-size: 16px;\"><button class=\"large-accordion__button large-accordion__button--expanded js-large-accordion-button\" type=\"button\"><span class=\"large-accordion__title large-accordion-title\">Audio decoding<\/span><\/button><\/span><\/p>\n<div class=\"\">\n<div class=\"large-accordion-columns \">\n<div class=\"large-accordion__inner \">\n<p><span style=\"font-size: 16px;\">SBC, AAC, L2HC4.0, LDAC are supported. LHDC and Apt-X are Not supported.<\/span><\/p>\n<p class=\"large-accordion-subtext\"><span style=\"font-size: 16px;\">*L2HC 4.0 needs to be used in conjunction with some Huawei models of EMUI15 or higher smartphones or tablets.<\/span><\/p>\n<\/div>\n<\/div>\n<\/div>\n<\/li>\n<li class=\"large-accordion__item\" style=\"line-height: 28px;\">\n<p><span style=\"font-size: 16px;\"><button class=\"large-accordion__button large-accordion__button--expanded js-large-accordion-button\" type=\"button\"><span class=\"large-accordion__title large-accordion-title\">In The Box<\/span><\/button><\/span><\/p>\n<div class=\"large-accordion__content\">\n<div class=\"\">\n<div class=\"large-accordion-columns \">\n<div class=\"large-accordion__inner \">\n<p style=\"line-height: 28px;\"><span style=\"font-size: 16px;\">The outer package is sealed with plastic. The gift box contains the following items:<\/span><\/p>\n<p style=\"line-height: 28px;\"><span style=\"font-size: 16px;\">Earphones \u00d7 1 pair<\/span><\/p>\n<p style=\"line-height: 28px;\"><span style=\"font-size: 16px;\">Charging case \u00d7 1<\/span><\/p>\n<p style=\"line-height: 28px;\"><span style=\"font-size: 16px;\">Quick Start Guide (including safety information) \u00d7 1<\/span><\/p>\n<p style=\"line-height: 28px;\"><span style=\"font-size: 16px;\">USB-C charging cable \u00d7 1<\/span><\/p>\n<p style=\"line-height: 28px;\"><span style=\"font-size: 16px;\">Ear tips \u00d7 2 pairs<\/span><\/p>\n<\/div>\n<\/div>\n<\/div>\n<\/div>\n<\/li>\n<\/ul>\n<\/div>\n<\/div>\n<\/div>\n","protected":false},"excerpt":{"rendered":"<ul>\n<li>\n<p style=\"line-height: 28px;\"><span style=\"font-size: 16px;\">\u0633\u0645\u0627\u0639\u0627\u062a \u0623\u0630\u0646 \u0645\u0641\u062a\u0648\u062d\u0629 \u0631\u0627\u0626\u062f\u0629<\/span><\/p>\n<\/li>\n<li style=\"line-height: 28px;\">\n<p><span style=\"font-size: 16px;\">\u0645\u0643\u0627\u0644\u0645\u0627\u062a \u0645\u0633\u062a\u0642\u0631\u0629 \u0648\u0648\u0627\u0636\u062d\u0629<\/span><\/p>\n<\/li>\n<li style=\"line-height: 28px;\">\n<p><span style=\"font-size: 16px;\">\u0645\u0646\u062d\u0646\u064a\u0627\u062a \u0645\u0644\u0627\u0626\u0645\u0629 \u0644\u0644\u0623\u0630\u0646<\/span><\/p>\n<\/li>\n<li style=\"line-height: 28px;\">\n<p><span style=\"font-size: 16px;\">\u062a\u0642\u0646\u064a\u0629 ANC \u0645\u0641\u062a\u0648\u062d\u0629 \u0627\u0644\u062a\u0635\u0645\u064a\u0645<\/span><\/p>\n<\/li>\n<li style=\"line-height: 28px;\">\n<p><span style=\"font-size: 16px;\">\u0634\u062d\u0646 \u0644\u0645\u062f\u0629 5 \u062f\u0642\u0627\u0626\u0642 \u0644\u062a\u0634\u063a\u064a\u0644 \u0645\u0648\u0633\u064a\u0642\u0649 \u0644\u0645\u062f\u0629 2.5 \u0633\u0627\u0639\u0629<\/span><\/p>\n<\/li>\n<li>\n<p style=\"line-height: 28px;\"><span style=\"font-size: 16px;\">\u0627\u062a\u0635\u0627\u0644 \u0645\u0632\u062f\u0648\u062c \u0628\u0627\u0644\u0623\u062c\u0647\u0632\u0629<\/span><\/p>\n<\/li>\n<\/ul>\n","protected":false},"featured_media":145876,"comment_status":"open","ping_status":"closed","template":"","meta":[],"product_brand":[953],"product_cat":[710,788,702],"product_tag":[],"class_list":{"0":"post-145874","1":"product","2":"type-product","3":"status-publish","4":"has-post-thumbnail","6":"product_brand-huawei","7":"product_cat-710","8":"product_cat-788","9":"product_cat-702","11":"first","12":"instock","13":"taxable","14":"shipping-taxable","15":"purchasable","16":"product-type-simple"},"_links":{"self":[{"href":"https:\/\/t4gstore.com\/ar\/wp-json\/wp\/v2\/product\/145874","targetHints":{"allow":["GET"]}}],"collection":[{"href":"https:\/\/t4gstore.com\/ar\/wp-json\/wp\/v2\/product"}],"about":[{"href":"https:\/\/t4gstore.com\/ar\/wp-json\/wp\/v2\/types\/product"}],"replies":[{"embeddable":true,"href":"https:\/\/t4gstore.com\/ar\/wp-json\/wp\/v2\/comments?post=145874"}],"version-history":[{"count":0,"href":"https:\/\/t4gstore.com\/ar\/wp-json\/wp\/v2\/product\/145874\/revisions"}],"wp:featuredmedia":[{"embeddable":true,"href":"https:\/\/t4gstore.com\/ar\/wp-json\/wp\/v2\/media\/145876"}],"wp:attachment":[{"href":"https:\/\/t4gstore.com\/ar\/wp-json\/wp\/v2\/media?parent=145874"}],"wp:term":[{"taxonomy":"product_brand","embeddable":true,"href":"https:\/\/t4gstore.com\/ar\/wp-json\/wp\/v2\/product_brand?post=145874"},{"taxonomy":"product_cat","embeddable":true,"href":"https:\/\/t4gstore.com\/ar\/wp-json\/wp\/v2\/product_cat?post=145874"},{"taxonomy":"product_tag","embeddable":true,"href":"https:\/\/t4gstore.com\/ar\/wp-json\/wp\/v2\/product_tag?post=145874"}],"curies":[{"name":"wp","href":"https:\/\/api.w.org\/{rel}","templated":true}]}}