{"id":143078,"date":"2025-09-07T15:00:18","date_gmt":"2025-09-07T15:00:18","guid":{"rendered":"https:\/\/t4gstore.com\/\u0645\u062a\u062c\u0631\/%d8%b9%d9%84%d8%a8%d8%a9-%d8%ad%d8%a7%d8%b3%d9%88%d8%a8-%d8%a3%d9%84%d8%b9%d8%a7%d8%a8-atx-%d9%85%d9%86-%d9%84%d9%88%d9%81%d9%8a%d9%86%d8%ac%d9%83%d9%88%d9%84-lc-100e-%d8%a3%d8%a8%d9%8a%d8%b6\/"},"modified":"2025-09-07T15:00:18","modified_gmt":"2025-09-07T12:00:18","slug":"%d8%b9%d9%84%d8%a8%d8%a9-%d8%ad%d8%a7%d8%b3%d9%88%d8%a8-%d8%a3%d9%84%d8%b9%d8%a7%d8%a8-atx-%d9%85%d9%86-%d9%84%d9%88%d9%81%d9%8a%d9%86%d8%ac%d9%83%d9%88%d9%84-lc-100e-%d8%a3%d8%a8%d9%8a%d8%b6","status":"publish","type":"product","link":"https:\/\/t4gstore.com\/ar\/\u0645\u062a\u062c\u0631\/%d8%b9%d9%84%d8%a8%d8%a9-%d8%ad%d8%a7%d8%b3%d9%88%d8%a8-%d8%a3%d9%84%d8%b9%d8%a7%d8%a8-atx-%d9%85%d9%86-%d9%84%d9%88%d9%81%d9%8a%d9%86%d8%ac%d9%83%d9%88%d9%84-lc-100e-%d8%a3%d8%a8%d9%8a%d8%b6\/","title":{"rendered":"\u0639\u0644\u0628\u0629 \u062d\u0627\u0633\u0648\u0628 \u0623\u0644\u0639\u0627\u0628 ATX \u0645\u0646 \u0644\u0648\u0641\u064a\u0646\u062c\u0643\u0648\u0644 LC-100E \u2013 \u0623\u0628\u064a\u0636"},"content":{"rendered":"<style>#html-body [data-pb-style=D2CYX07]{justify-content:flex-start;display:flex;flex-direction:column;background-position:left top;background-size:cover;background-repeat:no-repeat;background-attachment:scroll}<\/style>\n<div data-content-type=\"row\" data-appearance=\"contained\" data-element=\"main\">\n<div data-enable-parallax=\"0\" data-parallax-speed=\"0.5\" data-background-images=\"{}\" data-background-type=\"image\" data-video-loop=\"true\" data-video-play-only-visible=\"true\" data-video-lazy-load=\"true\" data-video-fallback-src=\"\" data-element=\"inner\" data-pb-style=\"D2CYX07\">\n<div data-content-type=\"text\" data-appearance=\"default\" data-element=\"main\">\n<p style=\"line-height: 28px;\"><span style=\"font-size: 16px;\"><strong data-start=\"78\" data-end=\"87\">Lovingcool Lc-100e Atx Gaming Pc Case \u2013 White<\/strong><\/span><\/p>\n<ul data-start=\"76\" data-end=\"346\">\n<li data-start=\"76\" data-end=\"124\">\n<p data-start=\"78\" data-end=\"124\"><span style=\"font-size: 16px;\"><strong data-start=\"78\" data-end=\"87\">Size:<\/strong> 378 \u00d7 210 \u00d7 480 mm (with foot pad)<\/span><\/p>\n<\/li>\n<li data-start=\"125\" data-end=\"173\">\n<p data-start=\"127\" data-end=\"173\"><span style=\"font-size: 16px;\"><strong data-start=\"127\" data-end=\"151\">Motherboard Support:<\/strong> E-ATX \/ ATX \/ M-ATX<\/span><\/p>\n<\/li>\n<li data-start=\"174\" data-end=\"212\">\n<p data-start=\"176\" data-end=\"212\"><span style=\"font-size: 16px;\"><strong data-start=\"176\" data-end=\"198\">CPU Cooler Height:<\/strong> Up to 165mm<\/span><\/p>\n<\/li>\n<li data-start=\"213\" data-end=\"244\">\n<p data-start=\"215\" data-end=\"244\"><span style=\"font-size: 16px;\"><strong data-start=\"215\" data-end=\"230\">GPU Length:<\/strong> Up to 320mm<\/span><\/p>\n<\/li>\n<li data-start=\"245\" data-end=\"284\">\n<p data-start=\"247\" data-end=\"284\"><span style=\"font-size: 16px;\"><strong data-start=\"247\" data-end=\"259\">Storage:<\/strong> 1\u00d7SSD &#038; 2\u00d7HDD or 2\u00d7SSD<\/span><\/p>\n<\/li>\n<li data-start=\"285\" data-end=\"346\">\n<p data-start=\"287\" data-end=\"346\"><span style=\"font-size: 16px;\"><strong data-start=\"287\" data-end=\"301\">I\/O Ports:<\/strong> 1\u00d7USB 3.0, 2\u00d7USB 2.0, HD Audio (Top panel)<\/span><\/p>\n<\/li>\n<\/ul>\n<p style=\"line-height: 28px;\" data-start=\"348\" data-end=\"370\"><span style=\"font-size: 16px;\"><strong data-start=\"348\" data-end=\"368\">Cooling Support:<\/strong><\/span><\/p>\n<ul data-start=\"371\" data-end=\"570\">\n<li style=\"line-height: 28px;\" data-start=\"371\" data-end=\"493\">\n<p data-start=\"373\" data-end=\"391\"><span style=\"font-size: 16px;\"><strong data-start=\"373\" data-end=\"389\">Air Cooling:<\/strong><\/span><\/p>\n<ul data-start=\"394\" data-end=\"493\">\n<li data-start=\"394\" data-end=\"420\">\n<p data-start=\"396\" data-end=\"420\"><span style=\"font-size: 16px;\">Front: 3\u00d7120mm \/ 140mm<\/span><\/p>\n<\/li>\n<li data-start=\"423\" data-end=\"447\">\n<p data-start=\"425\" data-end=\"447\"><span style=\"font-size: 16px;\">Top: 2\u00d7120mm \/ 140mm<\/span><\/p>\n<\/li>\n<li data-start=\"450\" data-end=\"473\">\n<p data-start=\"452\" data-end=\"473\"><span style=\"font-size: 16px;\">PSU Shroud: 2\u00d7120mm<\/span><\/p>\n<\/li>\n<li data-start=\"476\" data-end=\"493\">\n<p data-start=\"478\" data-end=\"493\"><span style=\"font-size: 16px;\">Rear: 1\u00d7120mm<\/span><\/p>\n<\/li>\n<\/ul>\n<\/li>\n<li data-start=\"494\" data-end=\"570\">\n<p style=\"line-height: 28px;\" data-start=\"496\" data-end=\"516\"><span style=\"font-size: 16px;\"><strong data-start=\"496\" data-end=\"514\">Water Cooling:<\/strong><\/span><\/p>\n<ul data-start=\"519\" data-end=\"570\">\n<li style=\"line-height: 28px;\" data-start=\"519\" data-end=\"535\">\n<p data-start=\"521\" data-end=\"535\"><span style=\"font-size: 16px;\">Front: 360mm<\/span><\/p>\n<\/li>\n<li style=\"line-height: 28px;\" data-start=\"538\" data-end=\"552\">\n<p data-start=\"540\" data-end=\"552\"><span style=\"font-size: 16px;\">Top: 240mm<\/span><\/p>\n<\/li>\n<li data-start=\"555\" data-end=\"570\">\n<p style=\"line-height: 28px;\" data-start=\"557\" data-end=\"570\"><span style=\"font-size: 16px;\">Rear: 120mm<\/span><\/p>\n<\/li>\n<\/ul>\n<\/li>\n<\/ul>\n<\/div>\n<\/div>\n<\/div>\n","protected":false},"excerpt":{"rendered":"<ul data-start=\"76\" data-end=\"346\">\n<li data-start=\"76\" data-end=\"124\">\n<p style=\"line-height: 28px;\" data-start=\"78\" data-end=\"124\"><span style=\"font-size: 16px;\"><strong data-start=\"78\" data-end=\"87\">Size:<\/strong> 378 \u00d7 210 \u00d7 480 mm (with foot pad)<\/span><\/p>\n<\/li>\n<li style=\"line-height: 28px;\" data-start=\"125\" data-end=\"173\">\n<p data-start=\"127\" data-end=\"173\"><span style=\"font-size: 16px;\"><strong data-start=\"127\" data-end=\"151\">Motherboard Support:<\/strong> E-ATX \/ ATX \/ M-ATX<\/span><\/p>\n<\/li>\n<li style=\"line-height: 28px;\" data-start=\"174\" data-end=\"212\">\n<p data-start=\"176\" data-end=\"212\"><span style=\"font-size: 16px;\"><strong data-start=\"176\" data-end=\"198\">CPU Cooler Height:<\/strong> Up to 165mm<\/span><\/p>\n<\/li>\n<li style=\"line-height: 28px;\" data-start=\"213\" data-end=\"244\">\n<p data-start=\"215\" data-end=\"244\"><span style=\"font-size: 16px;\"><strong data-start=\"215\" data-end=\"230\">GPU Length:<\/strong> Up to 320mm<\/span><\/p>\n<\/li>\n<li style=\"line-height: 28px;\" data-start=\"245\" data-end=\"284\">\n<p data-start=\"247\" data-end=\"284\"><span style=\"font-size: 16px;\"><strong data-start=\"247\" data-end=\"259\">Storage:<\/strong> 1\u00d7SSD &amp; 2\u00d7HDD or 2\u00d7SSD<\/span><\/p>\n<\/li>\n<li style=\"line-height: 28px;\" data-start=\"285\" data-end=\"346\">\n<p data-start=\"287\" data-end=\"346\"><span style=\"font-size: 16px;\"><strong data-start=\"287\" data-end=\"301\">I\/O Ports:<\/strong> 1\u00d7USB 3.0, 2\u00d7USB 2.0, HD Audio (Top panel)<\/span><\/p>\n<\/li>\n<\/ul>\n<p style=\"line-height: 28px;\" data-start=\"348\" data-end=\"370\"><span style=\"font-size: 16px;\"><strong data-start=\"348\" data-end=\"368\">Cooling Support:<\/strong><\/span><\/p>\n<ul data-start=\"371\" data-end=\"570\">\n<li style=\"line-height: 28px;\" data-start=\"371\" data-end=\"493\">\n<p data-start=\"373\" data-end=\"391\"><span style=\"font-size: 16px;\"><strong data-start=\"373\" data-end=\"389\">Air Cooling:<\/strong><\/span><\/p>\n<ul data-start=\"394\" data-end=\"493\">\n<li data-start=\"394\" data-end=\"420\">\n<p data-start=\"396\" data-end=\"420\"><span style=\"font-size: 16px;\">Front: 3\u00d7120mm \/ 140mm<\/span><\/p>\n<\/li>\n<li data-start=\"423\" data-end=\"447\">\n<p data-start=\"425\" data-end=\"447\"><span style=\"font-size: 16px;\">Top: 2\u00d7120mm \/ 140mm<\/span><\/p>\n<\/li>\n<li data-start=\"450\" data-end=\"473\">\n<p data-start=\"452\" data-end=\"473\"><span style=\"font-size: 16px;\">PSU Shroud: 2\u00d7120mm<\/span><\/p>\n<\/li>\n<li data-start=\"476\" data-end=\"493\">\n<p data-start=\"478\" data-end=\"493\"><span style=\"font-size: 16px;\">Rear: 1\u00d7120mm<\/span><\/p>\n<\/li>\n<\/ul>\n<\/li>\n<li data-start=\"494\" data-end=\"570\">\n<p style=\"line-height: 28px;\" data-start=\"496\" data-end=\"516\"><span style=\"font-size: 16px;\"><strong data-start=\"496\" data-end=\"514\">Water Cooling:<\/strong><\/span><\/p>\n<ul data-start=\"519\" data-end=\"570\">\n<li style=\"line-height: 28px;\" data-start=\"519\" data-end=\"535\">\n<p data-start=\"521\" data-end=\"535\"><span style=\"font-size: 16px;\">Front: 360mm<\/span><\/p>\n<\/li>\n<li style=\"line-height: 28px;\" data-start=\"538\" data-end=\"552\">\n<p data-start=\"540\" data-end=\"552\"><span style=\"font-size: 16px;\">Top: 240mm<\/span><\/p>\n<\/li>\n<li data-start=\"555\" data-end=\"570\">\n<p style=\"line-height: 28px;\" data-start=\"557\" data-end=\"570\"><span style=\"font-size: 16px;\">Rear: 120mm<\/span><\/p>\n<\/li>\n<\/ul>\n<\/li>\n<\/ul>\n","protected":false},"featured_media":143079,"comment_status":"open","ping_status":"closed","template":"","meta":[],"product_brand":[966],"product_cat":[698,697],"product_tag":[],"class_list":{"0":"post-143078","1":"product","2":"type-product","3":"status-publish","4":"has-post-thumbnail","6":"product_brand-lovingcool","7":"product_cat-698","8":"product_cat-697","10":"first","11":"instock","12":"taxable","13":"shipping-taxable","14":"purchasable","15":"product-type-simple"},"_links":{"self":[{"href":"https:\/\/t4gstore.com\/ar\/wp-json\/wp\/v2\/product\/143078","targetHints":{"allow":["GET"]}}],"collection":[{"href":"https:\/\/t4gstore.com\/ar\/wp-json\/wp\/v2\/product"}],"about":[{"href":"https:\/\/t4gstore.com\/ar\/wp-json\/wp\/v2\/types\/product"}],"replies":[{"embeddable":true,"href":"https:\/\/t4gstore.com\/ar\/wp-json\/wp\/v2\/comments?post=143078"}],"version-history":[{"count":0,"href":"https:\/\/t4gstore.com\/ar\/wp-json\/wp\/v2\/product\/143078\/revisions"}],"wp:featuredmedia":[{"embeddable":true,"href":"https:\/\/t4gstore.com\/ar\/wp-json\/wp\/v2\/media\/143079"}],"wp:attachment":[{"href":"https:\/\/t4gstore.com\/ar\/wp-json\/wp\/v2\/media?parent=143078"}],"wp:term":[{"taxonomy":"product_brand","embeddable":true,"href":"https:\/\/t4gstore.com\/ar\/wp-json\/wp\/v2\/product_brand?post=143078"},{"taxonomy":"product_cat","embeddable":true,"href":"https:\/\/t4gstore.com\/ar\/wp-json\/wp\/v2\/product_cat?post=143078"},{"taxonomy":"product_tag","embeddable":true,"href":"https:\/\/t4gstore.com\/ar\/wp-json\/wp\/v2\/product_tag?post=143078"}],"curies":[{"name":"wp","href":"https:\/\/api.w.org\/{rel}","templated":true}]}}