{"id":143011,"date":"2025-09-03T17:05:25","date_gmt":"2025-09-03T17:05:25","guid":{"rendered":"https:\/\/t4gstore.com\/\u0645\u062a\u062c\u0631\/%d8%b3%d9%85%d8%a7%d8%b9%d8%a7%d8%aa-%d9%87%d9%88%d8%a7%d9%88%d9%8a-freebuds-se-4-anc-%d8%a3%d8%a8%d9%8a%d8%b6\/"},"modified":"2025-09-03T17:05:25","modified_gmt":"2025-09-03T14:05:25","slug":"%d8%b3%d9%85%d8%a7%d8%b9%d8%a7%d8%aa-%d9%87%d9%88%d8%a7%d9%88%d9%8a-freebuds-se-4-anc-%d8%a3%d8%a8%d9%8a%d8%b6","status":"publish","type":"product","link":"https:\/\/t4gstore.com\/ar\/\u0645\u062a\u062c\u0631\/%d8%b3%d9%85%d8%a7%d8%b9%d8%a7%d8%aa-%d9%87%d9%88%d8%a7%d9%88%d9%8a-freebuds-se-4-anc-%d8%a3%d8%a8%d9%8a%d8%b6\/","title":{"rendered":"\u0633\u0645\u0627\u0639\u0627\u062a \u0647\u0648\u0627\u0648\u064a FreeBuds SE 4 ANC \u2013 \u0623\u0628\u064a\u0636"},"content":{"rendered":"<style>#html-body [data-pb-style=YGW1K6M]{justify-content:flex-start;display:flex;flex-direction:column;background-position:left top;background-size:cover;background-repeat:no-repeat;background-attachment:scroll}<\/style>\n<div data-content-type=\"row\" data-appearance=\"contained\" data-element=\"main\">\n<div data-enable-parallax=\"0\" data-parallax-speed=\"0.5\" data-background-images=\"{}\" data-background-type=\"image\" data-video-loop=\"true\" data-video-play-only-visible=\"true\" data-video-lazy-load=\"true\" data-video-fallback-src=\"\" data-element=\"inner\" data-pb-style=\"YGW1K6M\">\n<div data-content-type=\"text\" data-appearance=\"default\" data-element=\"main\">\n<h2 style=\"line-height: 28px;\"><strong><span style=\"font-size: 16px;\">Huawei FreeBuds SE 4 ANC<\/span><\/strong><\/h2>\n<p style=\"line-height: 28px;\"><span style=\"font-size: 16px;\">The\u00a0<strong>Huawei FreeBuds SE 4 ANC<\/strong>\u00a0are lightweight true wireless earbuds designed for long-lasting comfort, clear calls, and immersive music. Featuring\u00a0<strong>Active Noise Cancellation<\/strong>, a\u00a0<strong>10 mm dynamic driver<\/strong>, and up to\u00a0<strong>50 hours of battery life<\/strong>\u00a0with the charging case, they deliver both style and performance for everyday use.<\/span><\/p>\n<ul>\n<li><span style=\"font-size: 16px;\">Active Noise Cancellation for immersive sound<\/span><\/li>\n<li><span style=\"font-size: 16px;\">Up to 50 hours total playback with charging case<\/span><\/li>\n<li><span style=\"font-size: 16px;\">10 mm dynamic driver with wide frequency response<\/span><\/li>\n<li><span style=\"font-size: 16px;\">Bluetooth 5.4 with low-latency gaming mode<\/span><\/li>\n<li><span style=\"font-size: 16px;\">IP54-rated dust &#038; water resistance (earbuds only)<\/span><\/li>\n<\/ul>\n<h3 style=\"line-height: 28px;\"><span style=\"font-size: 16px;\">Specifications<\/span><\/h3>\n<table>\n<tbody>\n<tr>\n<td><span style=\"font-size: 16px;\">Dimensions<\/span><\/td>\n<td><span style=\"font-size: 16px;\">Earbuds: 32.3 \u00d7 21.3 \u00d7 24.0 mm (H \u00d7 W \u00d7 D)<\/span><br \/><span style=\"font-size: 16px;\">Charging case: 46.5 \u00d7 61.8 \u00d7 24.7 mm (H \u00d7 W \u00d7 D)<\/span><\/td>\n<\/tr>\n<tr>\n<td><span style=\"font-size: 16px;\">Weight<\/span><\/td>\n<td><span style=\"font-size: 16px;\">Each earbud: 4.3 g<\/span><br \/><span style=\"font-size: 16px;\">Charging case: 36 g<\/span><\/td>\n<\/tr>\n<tr>\n<td><span style=\"font-size: 16px;\">Battery<\/span><\/td>\n<td><span style=\"font-size: 16px;\">Earbud: 41 mAh<\/span><br \/><span style=\"font-size: 16px;\">Charging case: 510 mAh<\/span><br \/><span style=\"font-size: 16px;\">Wired charging via USB Type-C<\/span><\/td>\n<\/tr>\n<tr>\n<td><span style=\"font-size: 16px;\">Battery Life<\/span><\/td>\n<td><span style=\"font-size: 16px;\">Music playback (ANC on): up to 7 hrs \/ 35 hrs with case<\/span><br \/><span style=\"font-size: 16px;\">Music playback (ANC off): up to 10 hrs \/ 50 hrs with case<\/span><br \/><span style=\"font-size: 16px;\">Voice calls (ANC on): up to 5 hrs \/ 25 hrs with case<\/span><br \/><span style=\"font-size: 16px;\">Voice calls (ANC off): up to 6 hrs \/ 30 hrs with case<\/span><\/td>\n<\/tr>\n<tr>\n<td><span style=\"font-size: 16px;\">Controls<\/span><\/td>\n<td><span style=\"font-size: 16px;\">Double-tap: Play\/Pause\/Answer\/End call<\/span><br \/><span style=\"font-size: 16px;\">Triple-tap: Skip to next\/previous track<\/span><br \/><span style=\"font-size: 16px;\">Touch &#038; Hold: Switch ANC modes \/ Volume \/ Voice Assistant \/ Reject call<\/span><\/td>\n<\/tr>\n<tr>\n<td><span style=\"font-size: 16px;\">Connectivity<\/span><\/td>\n<td><span style=\"font-size: 16px;\">Bluetooth 5.4<\/span><br \/><span style=\"font-size: 16px;\">Low-latency gaming mode (Huawei devices)<\/span><br \/><span style=\"font-size: 16px;\">Proximity pairing prompt (Huawei devices)<\/span><\/td>\n<\/tr>\n<tr>\n<td><span style=\"font-size: 16px;\">Audio<\/span><\/td>\n<td><span style=\"font-size: 16px;\">Driver: 10 mm dynamic driver<\/span><br \/><span style=\"font-size: 16px;\">Frequency response: 20 Hz \u2013 20 kHz<\/span><br \/><span style=\"font-size: 16px;\">Supported codecs: SBC, AAC, mSBC<\/span><br \/><span style=\"font-size: 16px;\">Audio Tech: Call noise cancellation \/ Multi-EQ<\/span><\/td>\n<\/tr>\n<tr>\n<td><span style=\"font-size: 16px;\">Sensors<\/span><\/td>\n<td><span style=\"font-size: 16px;\">Hall effect sensor, Touch sensor<\/span><\/td>\n<\/tr>\n<tr>\n<td><span style=\"font-size: 16px;\">IP Rating<\/span><\/td>\n<td><span style=\"font-size: 16px;\">Earbuds: IP54 dust &#038; water resistant<\/span><br \/><span style=\"font-size: 16px;\">Charging case: Not water-resistant<\/span><\/td>\n<\/tr>\n<tr>\n<td><span style=\"font-size: 16px;\">Materials<\/span><\/td>\n<td><span style=\"font-size: 16px;\">Earbuds: PC<\/span><br \/><span style=\"font-size: 16px;\">Charging case: PC<\/span><br \/><span style=\"font-size: 16px;\">Ear tips: Silicone<\/span><\/td>\n<\/tr>\n<\/tbody>\n<\/table>\n<h3 style=\"line-height: 28px;\"><span style=\"font-size: 16px;\">In the Box<\/span><\/h3>\n<ul>\n<li style=\"line-height: 28px;\"><span style=\"font-size: 16px;\">Earbuds \u00d7 2<\/span><\/li>\n<li style=\"line-height: 28px;\"><span style=\"font-size: 16px;\">Charging case \u00d7 1<\/span><\/li>\n<li style=\"line-height: 28px;\"><span style=\"font-size: 16px;\">Ear tips \u00d7 3 (Large \/ Medium \/ Small)<\/span><\/li>\n<li style=\"line-height: 28px;\"><span style=\"font-size: 16px;\">USB Type-C Cable \u00d7 1<\/span><\/li>\n<li style=\"line-height: 28px;\"><span style=\"font-size: 16px;\">Quick Start Guide &#038; Safety Information \u00d7 1<\/span><\/li>\n<li style=\"line-height: 28px;\"><span style=\"font-size: 16px;\">Warranty Card \u00d7 1<\/span><\/li>\n<\/ul>\n<\/div>\n<\/div>\n<\/div>\n","protected":false},"excerpt":{"rendered":"<ul>\n<li class=\"card-inline between center tip\" style=\"line-height: 28px;\"><span class=\"over-ellipsis font-normal\" data-v-c3c4be34=\"\" data-v-490afe22-s=\"\">50 \u0633\u0627\u0639\u0629 \u0645\u0646 \u062a\u0634\u063a\u064a\u0644 \u0627\u0644\u0645\u0648\u0633\u064a\u0642\u0649<\/span><\/li>\n<li class=\"card-inline between center tip\" style=\"line-height: 28px;\"><span class=\"over-ellipsis font-normal\" data-v-c3c4be34=\"\" data-v-490afe22-s=\"\">\u0625\u0644\u063a\u0627\u0621 \u0627\u0644\u0636\u0648\u0636\u0627\u0621 \u0645\u062a\u0639\u062f\u062f \u0627\u0644\u0623\u0646\u0645\u0627\u0637<\/span><\/li>\n<li class=\"card-inline between center tip\" style=\"line-height: 28px;\"><span class=\"over-ellipsis font-normal\" data-v-c3c4be34=\"\" data-v-490afe22-s=\"\">\u0645\u0644\u0627\u0621\u0645\u0629 \u062e\u0641\u064a\u0641\u0629 \u0648\u0645\u0631\u064a\u062d\u0629<\/span><\/li>\n<\/ul>\n","protected":false},"featured_media":143012,"comment_status":"open","ping_status":"closed","template":"","meta":[],"product_brand":[953],"product_cat":[788,702],"product_tag":[],"class_list":{"0":"post-143011","1":"product","2":"type-product","3":"status-publish","4":"has-post-thumbnail","6":"product_brand-huawei","7":"product_cat-788","8":"product_cat-702","10":"first","11":"outofstock","12":"taxable","13":"shipping-taxable","14":"purchasable","15":"product-type-simple"},"pure_taxonomies":{"product_brand":[{"term_id":953,"name":"Huawei","slug":"huawei","term_group":0,"term_taxonomy_id":953,"taxonomy":"product_brand","description":"","parent":0,"count":74,"filter":"raw","image":""}],"product_cat":[{"term_id":788,"name":"\u0633\u0645\u0627\u0639\u0627\u062a \u0623\u0630\u0646 \u062f\u0627\u062e\u0644\u064a\u0629","slug":"%d8%b3%d9%85%d8%a7%d8%b9%d8%a7%d8%aa-%d8%a3%d8%b0%d9%86-%d8%af%d8%a7%d8%ae%d9%84%d9%8a%d8%a9","term_group":0,"term_taxonomy_id":788,"taxonomy":"product_cat","description":"","parent":702,"count":241,"filter":"raw","image":""},{"term_id":702,"name":"\u0645\u0644\u062d\u0642\u0627\u062a \u0627\u0644\u062c\u0648\u0627\u0644","slug":"%d9%85%d9%84%d8%ad%d9%82%d8%a7%d8%aa-%d8%a7%d9%84%d8%ac%d9%88%d8%a7%d9%84","term_group":0,"term_taxonomy_id":702,"taxonomy":"product_cat","description":"","parent":0,"count":1113,"filter":"raw","image":""}]},"_links":{"self":[{"href":"https:\/\/t4gstore.com\/ar\/wp-json\/wp\/v2\/product\/143011","targetHints":{"allow":["GET"]}}],"collection":[{"href":"https:\/\/t4gstore.com\/ar\/wp-json\/wp\/v2\/product"}],"about":[{"href":"https:\/\/t4gstore.com\/ar\/wp-json\/wp\/v2\/types\/product"}],"replies":[{"embeddable":true,"href":"https:\/\/t4gstore.com\/ar\/wp-json\/wp\/v2\/comments?post=143011"}],"version-history":[{"count":0,"href":"https:\/\/t4gstore.com\/ar\/wp-json\/wp\/v2\/product\/143011\/revisions"}],"wp:featuredmedia":[{"embeddable":true,"href":"https:\/\/t4gstore.com\/ar\/wp-json\/wp\/v2\/media\/143012"}],"wp:attachment":[{"href":"https:\/\/t4gstore.com\/ar\/wp-json\/wp\/v2\/media?parent=143011"}],"wp:term":[{"taxonomy":"product_brand","embeddable":true,"href":"https:\/\/t4gstore.com\/ar\/wp-json\/wp\/v2\/product_brand?post=143011"},{"taxonomy":"product_cat","embeddable":true,"href":"https:\/\/t4gstore.com\/ar\/wp-json\/wp\/v2\/product_cat?post=143011"},{"taxonomy":"product_tag","embeddable":true,"href":"https:\/\/t4gstore.com\/ar\/wp-json\/wp\/v2\/product_tag?post=143011"}],"curies":[{"name":"wp","href":"https:\/\/api.w.org\/{rel}","templated":true}]}}