{"id":138626,"date":"2025-12-10T14:01:41","date_gmt":"2025-12-10T11:01:41","guid":{"rendered":"https:\/\/t4gstore.com\/shop\/%d8%b9%d9%84%d8%a8%d8%a9-%d9%87%d8%a7%d9%8a%d8%aa-y70-%d8%aa%d8%a7%d8%aa%d8%b4-%d8%a5%d9%86%d9%81%d9%8a%d9%86%d9%8a%d8%aa-%d8%a8%d8%aa%d8%b5%d9%85%d9%8a%d9%85-%d8%b9%d8%b5%d8%b1%d9%8a-%d8%a3%d9%86\/"},"modified":"2025-12-11T16:09:52","modified_gmt":"2025-12-11T13:09:52","slug":"%d8%b9%d9%84%d8%a8%d8%a9-%d9%87%d8%a7%d9%8a%d8%aa-y70-%d8%aa%d8%a7%d8%aa%d8%b4-%d8%a5%d9%86%d9%81%d9%8a%d9%86%d9%8a%d8%aa-%d8%a8%d8%aa%d8%b5%d9%85%d9%8a%d9%85-%d8%b9%d8%b5%d8%b1%d9%8a-%d8%a3%d9%86","status":"publish","type":"product","link":"https:\/\/t4gstore.com\/ar\/\u0645\u062a\u062c\u0631\/%d8%b9%d9%84%d8%a8%d8%a9-%d9%87%d8%a7%d9%8a%d8%aa-y70-%d8%aa%d8%a7%d8%aa%d8%b4-%d8%a5%d9%86%d9%81%d9%8a%d9%86%d9%8a%d8%aa-%d8%a8%d8%aa%d8%b5%d9%85%d9%8a%d9%85-%d8%b9%d8%b5%d8%b1%d9%8a-%d8%a3%d9%86\/","title":{"rendered":"\u0639\u0644\u0628\u0629 \u0647\u0627\u064a\u062a Y70 \u062a\u0627\u062a\u0634 \u0625\u0646\u0641\u064a\u0646\u064a\u062a \u0628\u062a\u0635\u0645\u064a\u0645 \u0639\u0635\u0631\u064a \u0623\u0646\u064a\u0642 \u0645\u0642\u0627\u0633 14.9 \u0628\u0648\u0635\u0629 \u2013 \u0623\u0628\u064a\u0636 \u062b\u0644\u062c\u064a"},"content":{"rendered":"<div class=\"content-outer\">\n<div class=\"content-inner\">\n<div class=\"product attribute description\">\n<div class=\"value\">\n<div data-content-type=\"row\" data-appearance=\"contained\" data-element=\"main\">\n<div data-enable-parallax=\"0\" data-parallax-speed=\"0.5\" data-background-images=\"{}\" data-background-type=\"image\" data-video-loop=\"true\" data-video-play-only-visible=\"true\" data-video-lazy-load=\"true\" data-video-fallback-src=\"\" data-element=\"inner\" data-pb-style=\"CTE8DMI\">\n<div data-content-type=\"text\" data-appearance=\"default\" data-element=\"main\">\n<div>\n<div>\n<div class=\"text-lg font-bold\"><strong>Mesmerizing 14.9&#8243; Integrated IPS Touchscreen<\/strong><\/div>\n<p>At a 682 x 2560 (2.5K) resolution and 60Hz refresh rate, this capacitive IPS touchscreen delivers an insanely crisp and buttery smooth visual experience with 10-point multi-touch capability, unlocking a magnitude of possibilities and extensive screen customization powered by HYTE Nexus software. Our bigger, brighter, 3rd generation panel features a larger 14.9&#8243; display with a 43% higher brightness for a more immersive user experience. All in a single package integrated into the case chassis structure, pioneering meaningful digital interaction with the best display ever in a case.<\/p><\/div>\n<div>\n<div>\n<div class=\"text-lg font-bold\"><strong>Massive 4 Slot Vertical Graphics<\/strong><\/div>\n<p>Y70 grows GPU support to 4 slots with additional airflow space between the edge of the card and the glass. This means you can fit even the largest and most powerful of graphics cards into your build with ease. Additionally, the cold floor cooling down below can house up to a trio of 120mm or duo of 140mm fans up to 32mm thick to direct fresh airflow straight into the GPU.<\/p><\/div>\n<div>\n<div class=\"text-lg font-bold\"><strong>Included Luxury PCIE 4.0 Riser Cable<\/strong><\/div>\n<p>Included with the case is a luxury PCIE 4.0 x 16 riser with a color-matched canopy for uninterrupted visual flow that\u2019ll make for a painless GPU installation and build process. It also allows for a plethora of half-height PCIE cards to sit behind the throne of the vertical graphics.<\/p><\/div>\n<div>\n<div class=\"text-lg font-bold\"><strong>Ginormous Cooling Capacity<\/strong><\/div>\n<p>A spacious interior makes room for up to a 360mm long &amp; 125mm thick radiator on the side and adjustable top bracket that can house another 360mm radiator up to 68mm thick up above. Working together with the cold floor cooling at the bottom and spot for an additional fan at the rear of the case, Y70 has a total capacity of 10 fans in a fully populated chassis. With over 180mm of clearance to the side glass, air and water cooling enthusiasts alike will appreciate the flexibility afforded to them by the chassis to create the most robust cooling configurations possible.<\/p><\/div>\n<div class=\"mt-md flex items-start\">\n<div class=\"text-lg font-bold\"><strong>Unified Modern Aesthetic<\/strong><\/div>\n<p>With 4 unique colorways, Y70 puts your build front and center with a beautifully crafted 3-piece panoramic glass which serves as a window into the heart of your PC. The dual chamber interior layout keeps the front looking great while giving you plenty of space to manage cables in the back, especially with the help of our seamless L-shaped molded rubber grommet, meticulously placed cable routing channels &amp; tie-down points, and reusable Velcro straps. All easily accessible with tool-less top and side panels alongside floating storage sleds that eject from the rear of the case for intuitive drive maintenance.<\/p>\n<p><strong>Case Specifications<\/strong><\/p>\n<table>\n<thead>\n<tr>\n<th><strong>Category<\/strong><\/th>\n<th><strong>Details<\/strong><\/th>\n<\/tr>\n<\/thead>\n<tbody>\n<tr>\n<td><strong>Type<\/strong><\/td>\n<td>Dual Chamber Mid-Tower ATX Case<\/td>\n<\/tr>\n<tr>\n<td><strong>Exterior Dimensions<\/strong><\/td>\n<td>470 \u00d7 320 \u00d7 470 mm<\/td>\n<\/tr>\n<tr>\n<td><strong>Volume<\/strong><\/td>\n<td>70.7 L<\/td>\n<\/tr>\n<tr>\n<td><strong>Motherboard Support<\/strong><\/td>\n<td>ITX, mATX, ATX, EATX<\/td>\n<\/tr>\n<tr>\n<td><strong>Expansion Slots<\/strong><\/td>\n<td>7 half-height + 4 full-height<\/td>\n<\/tr>\n<tr>\n<td><strong>Riser Cable Included<\/strong><\/td>\n<td>Yes \u2014 PCIe 4.0 x16<\/td>\n<\/tr>\n<tr>\n<td><strong>I\/O Ports<\/strong><\/td>\n<td>1\u00d7 USB-C 3.2 Gen 2, 2\u00d7 USB-A 3.2 Gen 1, 1\u00d7 3.5 mm Audio\/Mic Combo<\/td>\n<\/tr>\n<tr>\n<td><strong>Dust Filters<\/strong><\/td>\n<td>Top, Side, Bottom<\/td>\n<\/tr>\n<tr>\n<td><strong>Top Fan Support<\/strong><\/td>\n<td>3\u00d7 120 mm \/ 2\u00d7 140 mm<\/td>\n<\/tr>\n<tr>\n<td><strong>Top Radiator Support<\/strong><\/td>\n<td>120\u2013360 mm, 140\u2013280 mm @ 68 mm thick<\/td>\n<\/tr>\n<tr>\n<td><strong>Rear Fan Support<\/strong><\/td>\n<td>1\u00d7 120\/140 mm<\/td>\n<\/tr>\n<tr>\n<td><strong>Rear Radiator Support<\/strong><\/td>\n<td>1\u00d7 120\/140 mm<\/td>\n<\/tr>\n<tr>\n<td><strong>Side Fan Support<\/strong><\/td>\n<td>3\u00d7 120 mm \/ 2\u00d7 140 mm<\/td>\n<\/tr>\n<tr>\n<td><strong>Side Radiator Support<\/strong><\/td>\n<td>120\u2013360 mm, 140\u2013280 mm @ 125 mm thick<\/td>\n<\/tr>\n<tr>\n<td><strong>Bottom Fan Support<\/strong><\/td>\n<td>3\u00d7 120 mm \/ 2\u00d7 140 mm @ 32 mm thick<\/td>\n<\/tr>\n<tr>\n<td><strong>Max GPU Length<\/strong><\/td>\n<td>422 mm<\/td>\n<\/tr>\n<tr>\n<td><strong>Max GPU Thickness<\/strong><\/td>\n<td>105 mm<\/td>\n<\/tr>\n<tr>\n<td><strong>Max CPU Cooler Height<\/strong><\/td>\n<td>180 mm<\/td>\n<\/tr>\n<tr>\n<td><strong>Max PSU Length<\/strong><\/td>\n<td>235 mm<\/td>\n<\/tr>\n<tr>\n<td><strong>Storage Support<\/strong><\/td>\n<td>2\u00d7 3.5&#8243; HDD\u00a0<strong>or<\/strong>\u00a04\u00d7 2.5&#8243; SSD<\/td>\n<\/tr>\n<tr>\n<td><strong>Warranty<\/strong><\/td>\n<td>4 Years<\/td>\n<\/tr>\n<tr>\n<td><strong>SKU (Touch Versions)<\/strong><\/td>\n<td>CS-HYTE-Y70TTI-WW \/ -WB \/ -BB \/ -RB<\/td>\n<\/tr>\n<\/tbody>\n<\/table>\n<p>&nbsp;<\/p>\n<p><strong>Touch Screen Specifications\u00a0<\/strong><\/p>\n<table>\n<thead>\n<tr>\n<th><strong>Category<\/strong><\/th>\n<th><strong>Details<\/strong><\/th>\n<\/tr>\n<\/thead>\n<tbody>\n<tr>\n<td><strong>Panel Technology<\/strong><\/td>\n<td>IPS<\/td>\n<\/tr>\n<tr>\n<td><strong>Screen Size (Diagonal)<\/strong><\/td>\n<td>14.9 in<\/td>\n<\/tr>\n<tr>\n<td><strong>Resolution<\/strong><\/td>\n<td>682 \u00d7 2560 (2.5K)<\/td>\n<\/tr>\n<tr>\n<td><strong>Pixels per Inch<\/strong><\/td>\n<td>178<\/td>\n<\/tr>\n<tr>\n<td><strong>Dot Pitch<\/strong><\/td>\n<td>0.007 mm<\/td>\n<\/tr>\n<tr>\n<td><strong>Brightness<\/strong><\/td>\n<td>500 nits<\/td>\n<\/tr>\n<tr>\n<td><strong>Contrast Ratio<\/strong><\/td>\n<td>1000:1<\/td>\n<\/tr>\n<tr>\n<td><strong>Viewing Angle<\/strong><\/td>\n<td>80\u00b0<\/td>\n<\/tr>\n<tr>\n<td><strong>Refresh Rate<\/strong><\/td>\n<td>60 Hz<\/td>\n<\/tr>\n<tr>\n<td><strong>Pixel Response Time<\/strong><\/td>\n<td>30 ms<\/td>\n<\/tr>\n<tr>\n<td><strong>Touch Input<\/strong><\/td>\n<td>Yes \u2014 10-Point Multi-Touch<\/td>\n<\/tr>\n<tr>\n<td><strong>Input Connections<\/strong><\/td>\n<td>USB 2.0 Header, SATA Power, DisplayPort<\/td>\n<\/tr>\n<tr>\n<td><strong>Nexus Powered<\/strong><\/td>\n<td>Yes \u2014 Nexus Touch<\/td>\n<\/tr>\n<\/tbody>\n<\/table>\n<\/div>\n<\/div>\n<\/div>\n<\/div>\n<\/div>\n<\/div>\n<\/div>\n<\/div>\n<\/div>\n<\/div>\n","protected":false},"excerpt":{"rendered":"<ul>\n<li>\u0634\u0627\u0634\u0629 IPS \u062a\u0639\u0645\u0644 \u0628\u0627\u0644\u0644\u0645\u0633 \u0645\u062f\u0645\u062c\u0629 \u0645\u0642\u0627\u0633 14.9 \u0628\u0648\u0635\u0629 \u0645\u0630\u0647\u0644\u0629<\/li>\n<li>\u0641\u062a\u062d\u0627\u062a \u0631\u0633\u0648\u0645\u064a\u0629 \u0631\u0623\u0633\u064a\u0629 \u0636\u062e\u0645\u0629 \u062a\u062a\u0633\u0639 \u0644\u0640 4 \u0628\u0637\u0627\u0642\u0627\u062a<\/li>\n<li>\u0643\u0627\u0628\u0644 \u0631\u0627\u0641\u0639 PCIE 4.0 \u0641\u0627\u062e\u0631 \u0645\u0631\u0641\u0642<\/li>\n<li>\u0633\u0639\u0629 \u062a\u0628\u0631\u064a\u062f \u0647\u0627\u0626\u0644\u0629<\/li>\n<li>\u062a\u0635\u0645\u064a\u0645 \u0639\u0635\u0631\u064a \u0645\u0648\u062d\u062f<\/li>\n<\/ul>\n","protected":false},"featured_media":138630,"comment_status":"open","ping_status":"closed","template":"","meta":[],"product_brand":[954],"product_cat":[698,697],"product_tag":[],"class_list":{"0":"post-138626","1":"product","2":"type-product","3":"status-publish","4":"has-post-thumbnail","6":"product_brand-hyte","7":"product_cat-698","8":"product_cat-697","9":"pa_warranty-warranty-1-year","11":"pa_warranty-716","13":"first","14":"instock","15":"taxable","16":"shipping-taxable","17":"purchasable","18":"product-type-simple"},"_links":{"self":[{"href":"https:\/\/t4gstore.com\/ar\/wp-json\/wp\/v2\/product\/138626","targetHints":{"allow":["GET"]}}],"collection":[{"href":"https:\/\/t4gstore.com\/ar\/wp-json\/wp\/v2\/product"}],"about":[{"href":"https:\/\/t4gstore.com\/ar\/wp-json\/wp\/v2\/types\/product"}],"replies":[{"embeddable":true,"href":"https:\/\/t4gstore.com\/ar\/wp-json\/wp\/v2\/comments?post=138626"}],"version-history":[{"count":0,"href":"https:\/\/t4gstore.com\/ar\/wp-json\/wp\/v2\/product\/138626\/revisions"}],"wp:featuredmedia":[{"embeddable":true,"href":"https:\/\/t4gstore.com\/ar\/wp-json\/wp\/v2\/media\/138630"}],"wp:attachment":[{"href":"https:\/\/t4gstore.com\/ar\/wp-json\/wp\/v2\/media?parent=138626"}],"wp:term":[{"taxonomy":"product_brand","embeddable":true,"href":"https:\/\/t4gstore.com\/ar\/wp-json\/wp\/v2\/product_brand?post=138626"},{"taxonomy":"product_cat","embeddable":true,"href":"https:\/\/t4gstore.com\/ar\/wp-json\/wp\/v2\/product_cat?post=138626"},{"taxonomy":"product_tag","embeddable":true,"href":"https:\/\/t4gstore.com\/ar\/wp-json\/wp\/v2\/product_tag?post=138626"}],"curies":[{"name":"wp","href":"https:\/\/api.w.org\/{rel}","templated":true}]}}