{"id":133567,"date":"2025-11-19T13:11:03","date_gmt":"2025-11-19T10:11:03","guid":{"rendered":"https:\/\/t4gstore.com\/shop\/%d9%85%d8%ad%d8%b7%d8%a9-%d8%b7%d8%a7%d9%82%d8%a9-%d9%85%d8%ad%d9%85%d9%88%d9%84%d8%a9-%d8%a5%d9%8a%d9%83%d9%88%d9%81%d9%84%d9%88-%d8%af%d9%84%d8%aa%d8%a7-3-%d8%a8%d9%84%d8%b3\/"},"modified":"2025-12-10T18:20:20","modified_gmt":"2025-12-10T15:20:20","slug":"%d9%85%d8%ad%d8%b7%d8%a9-%d8%b7%d8%a7%d9%82%d8%a9-%d9%85%d8%ad%d9%85%d9%88%d9%84%d8%a9-%d8%a5%d9%8a%d9%83%d9%88%d9%81%d9%84%d9%88-%d8%af%d9%84%d8%aa%d8%a7-3-%d8%a8%d9%84%d8%b3","status":"publish","type":"product","link":"https:\/\/t4gstore.com\/ar\/\u0645\u062a\u062c\u0631\/%d9%85%d8%ad%d8%b7%d8%a9-%d8%b7%d8%a7%d9%82%d8%a9-%d9%85%d8%ad%d9%85%d9%88%d9%84%d8%a9-%d8%a5%d9%8a%d9%83%d9%88%d9%81%d9%84%d9%88-%d8%af%d9%84%d8%aa%d8%a7-3-%d8%a8%d9%84%d8%b3\/","title":{"rendered":"\u0645\u062d\u0637\u0629 \u0637\u0627\u0642\u0629 \u0645\u062d\u0645\u0648\u0644\u0629 \u0625\u064a\u0643\u0648\u0641\u0644\u0648 \u062f\u0644\u062a\u0627 3 \u0628\u0644\u0633"},"content":{"rendered":"<div class=\"content-outer\">\n<div class=\"content-inner\">\n<div class=\"product attribute description\">\n<div class=\"value\">\n<div data-content-type=\"row\" data-appearance=\"contained\" data-element=\"main\">\n<div data-enable-parallax=\"0\" data-parallax-speed=\"0.5\" data-background-images=\"{}\" data-background-type=\"image\" data-video-loop=\"true\" data-video-play-only-visible=\"true\" data-video-lazy-load=\"true\" data-video-fallback-src=\"\" data-element=\"inner\" data-pb-style=\"KX0B87W\">\n<div data-content-type=\"text\" data-appearance=\"default\" data-element=\"main\" data-pb-style=\"IX2FRCY\">\n<div class=\"celwidget aplus-module premium-module-2-fullbackground-image aplus-premium\" data-cel-widget=\"aplus-premium-module-2-fullbackground-image\" data-csa-c-id=\"mcpu00-5jqya0-xy01o1-fv85gi\">\n<div class=\"a-section a-spacing-none premium-aplus premium-aplus-module-2\">\n<div class=\"a-section a-spacing-none premium-background-wrapper\">\n<div class=\"a-section a-spacing-none background-image\"><img decoding=\"async\" class=\"aligncenter\" src=\"https:\/\/m.media-amazon.com\/images\/S\/aplus-media-library-service-media\/fa164213-b41a-49d8-9525-987d653b1a75.__CR0,0,1464,600_PT0_SX1464_V1___.jpg\" alt=\"banner\" data-src=\"https:\/\/m.media-amazon.com\/images\/S\/aplus-media-library-service-media\/fa164213-b41a-49d8-9525-987d653b1a75.__CR0,0,1464,600_PT0_SX1464_V1___.jpg\" \/><\/div>\n<\/div>\n<\/div>\n<\/div>\n<div class=\"celwidget aplus-module premium-module-2-fullbackground-image aplus-premium\" data-cel-widget=\"aplus-premium-module-2-fullbackground-image\" data-csa-c-id=\"mfjufu-fry477-alwpgp-1s11hq\">\n<div class=\"a-section a-spacing-none premium-aplus premium-aplus-module-2\">\n<div class=\"a-section a-spacing-none premium-background-wrapper\">\n<div class=\"a-section a-spacing-none background-image\" style=\"text-align: center;\"><img decoding=\"async\" src=\"https:\/\/m.media-amazon.com\/images\/S\/aplus-media-library-service-media\/6ebf4f96-370a-48d5-a5c8-a95b30a9daba.__CR0,0,1464,600_PT0_SX1464_V1___.jpg\" alt=\"4-2\" \/><\/div>\n<div class=\"a-section a-spacing-none background-image\" style=\"text-align: center;\"><img decoding=\"async\" src=\"https:\/\/m.media-amazon.com\/images\/S\/aplus-media-library-service-media\/0a8e0022-5803-4c2a-b739-53625f1b90f4.__CR0,0,1464,600_PT0_SX1464_V1___.jpg\" alt=\"3-3\" \/><\/div>\n<div class=\"a-section a-spacing-none background-image\" style=\"text-align: center;\"><img decoding=\"async\" src=\"https:\/\/m.media-amazon.com\/images\/S\/aplus-media-library-service-media\/283bbc60-1aac-4a1b-8f2d-91672775cbc1.__CR0,0,1464,600_PT0_SX1464_V1___.jpg\" alt=\"3-4\" \/><\/div>\n<div class=\"a-section a-spacing-none background-image\" style=\"text-align: center;\"><img decoding=\"async\" src=\"https:\/\/m.media-amazon.com\/images\/S\/aplus-media-library-service-media\/f9c9e861-dbd5-4cdd-9f7f-6c87f8fb5e27.__CR0,0,1464,600_PT0_SX1464_V1___.jpg\" alt=\"3-5\" \/><\/div>\n<div class=\"a-section a-spacing-none background-image\" style=\"text-align: center;\"><img decoding=\"async\" src=\"https:\/\/m.media-amazon.com\/images\/S\/aplus-media-library-service-media\/22029c80-818f-4dc8-b344-0c0e2baa54e5.__CR0,0,1464,600_PT0_SX1464_V1___.jpg\" alt=\"1\" \/><\/div>\n<div class=\"a-section a-spacing-none background-image\" style=\"text-align: center;\"><img decoding=\"async\" src=\"https:\/\/m.media-amazon.com\/images\/S\/aplus-media-library-service-media\/4ebaaa20-f31b-4156-8415-c7f52209ada7.__CR0,0,1464,600_PT0_SX1464_V1___.jpg\" alt=\"2\" \/><\/div>\n<div class=\"a-section a-spacing-none background-image\" style=\"text-align: center;\"><img decoding=\"async\" src=\"https:\/\/m.media-amazon.com\/images\/S\/aplus-media-library-service-media\/2cc9e33f-a0b6-41d6-b5a1-64e38210a5ec.__CR0,0,1464,600_PT0_SX1464_V1___.jpg\" alt=\"3\" \/><\/div>\n<div class=\"a-section a-spacing-none background-image\" style=\"text-align: center;\"><img decoding=\"async\" src=\"https:\/\/m.media-amazon.com\/images\/S\/aplus-media-library-service-media\/69f8cc69-6a7e-4620-9518-0be4f559e64a.__CR0,0,1464,600_PT0_SX1464_V1___.jpg\" alt=\"4-4\" \/><\/div>\n<div class=\"a-section a-spacing-none background-image\" style=\"text-align: center;\"><img decoding=\"async\" src=\"https:\/\/m.media-amazon.com\/images\/S\/aplus-media-library-service-media\/adf9266d-61c6-4948-848a-aa3dab053c3a.__CR0,0,1464,600_PT0_SX1464_V1___.jpg\" alt=\"5-1\" \/><\/div>\n<div class=\"a-section a-spacing-none background-image\" style=\"text-align: center;\"><img decoding=\"async\" src=\"https:\/\/m.media-amazon.com\/images\/S\/aplus-media-library-service-media\/a8cb0f78-05df-4dc5-af3d-784236c61105.__CR0,0,1464,600_PT0_SX1464_V1___.jpg\" alt=\"2\" \/><\/div>\n<div class=\"a-section a-spacing-none background-image\" style=\"text-align: center;\"><img decoding=\"async\" src=\"https:\/\/m.media-amazon.com\/images\/S\/aplus-media-library-service-media\/b4867488-abb5-4bf4-87a3-9ce390fa5ce3.__CR0,0,1464,600_PT0_SX1464_V1___.jpg\" alt=\"5-3\" \/><\/div>\n<div class=\"a-section a-spacing-none background-image\"><img decoding=\"async\" class=\"aligncenter\" src=\"https:\/\/m.media-amazon.com\/images\/S\/aplus-media-library-service-media\/523e831d-cd25-4b6f-b0f1-0a8f531442ad.__CR0,0,1464,600_PT0_SX1464_V1___.jpg\" alt=\"5-4\" \/><\/div>\n<div>\n<table>\n<thead>\n<tr>\n<th style=\"text-align: left;\"><strong>Category<\/strong><\/th>\n<th style=\"text-align: left;\"><strong>Specification<\/strong><\/th>\n<\/tr>\n<\/thead>\n<tbody>\n<tr>\n<td><strong>Dimensions<\/strong><\/td>\n<td>Approx. 398 \u00d7 202 \u00d7 283.6 mm (16 \u00d7 8.0 \u00d7 11 in)<\/td>\n<\/tr>\n<tr>\n<td><strong>Net Weight<\/strong><\/td>\n<td>Approx. 12.5 kg (27.6 lb)<\/td>\n<\/tr>\n<tr>\n<td><strong>Capacity<\/strong><\/td>\n<td>1024 Wh<\/td>\n<\/tr>\n<tr>\n<td><strong>Extra Battery Support<\/strong><\/td>\n<td>Compatible with DELTA 2 EB, DELTA 2 Max EB, DELTA Pro 3 EB, and DELTA 3 EB (Expandable up to 5kWh)<\/td>\n<\/tr>\n<tr>\n<td><strong>Total Output Ports<\/strong><\/td>\n<td>13<\/td>\n<\/tr>\n<tr>\n<td><strong>AC Output<\/strong><\/td>\n<td>6 outlets, 1800W total (Surge 3600W)<\/td>\n<\/tr>\n<tr>\n<td><strong>Max Device Power (with X-Boost)<\/strong><\/td>\n<td>2200W<\/td>\n<\/tr>\n<tr>\n<td><strong>USB-A Output (Fast Charge)<\/strong><\/td>\n<td>2 ports, 36W Max<\/td>\n<\/tr>\n<tr>\n<td><strong>USB-C Output<\/strong><\/td>\n<td>2 ports, 140W Max<\/td>\n<\/tr>\n<tr>\n<td><strong>Car Power Output<\/strong><\/td>\n<td>1 port, 12.6V, 10A, 126W Max<\/td>\n<\/tr>\n<tr>\n<td><strong>DC5521 Output<\/strong><\/td>\n<td>2 ports, 12.6V, 3A Max<\/td>\n<\/tr>\n<tr>\n<td><strong>AC Charging Input<\/strong><\/td>\n<td>1500W<\/td>\n<\/tr>\n<tr>\n<td><strong>Solar Charging Input<\/strong><\/td>\n<td>2 ports, DC 11V\u201360V, 500W Max<\/td>\n<\/tr>\n<tr>\n<td><strong>Smart Generator Charging (1.8kW)<\/strong><\/td>\n<td>1500W<\/td>\n<\/tr>\n<tr>\n<td><strong>Car Charging<\/strong><\/td>\n<td>800W, full charge in approx. 1.3 hours<\/td>\n<\/tr>\n<tr>\n<td><strong>Battery Chemistry<\/strong><\/td>\n<td>LFP (LiFePO\u2084)<\/td>\n<\/tr>\n<tr>\n<td><strong>Cycle Life<\/strong><\/td>\n<td>4000 cycles to 80%+ capacity<\/td>\n<\/tr>\n<tr>\n<td><strong>Connectivity<\/strong><\/td>\n<td>App control (TOU \/ Storm Warning Alert)<\/td>\n<\/tr>\n<tr>\n<td><strong>Battery Pack Waterproof Level<\/strong><\/td>\n<td>IP65<\/td>\n<\/tr>\n<tr>\n<td><strong>UPS Response Time<\/strong><\/td>\n<td>&lt;10 ms<\/td>\n<\/tr>\n<tr>\n<td style=\"text-align: left;\"><strong>Noise Level<\/strong><\/td>\n<td style=\"text-align: left;\">&lt;30 dB (600W load); &lt;40 dB (1200W load)<\/td>\n<\/tr>\n<\/tbody>\n<\/table>\n<\/div>\n<\/div>\n<\/div>\n<\/div>\n<\/div>\n<\/div>\n<\/div>\n<\/div>\n<\/div>\n<\/div>\n<\/div>\n","protected":false},"excerpt":{"rendered":"<ul>\n<li>\u0642\u0627\u0628\u0644\u0629 \u0644\u0644\u062a\u0648\u0633\u0639\u0629 \u0645\u0646 1 \u0625\u0644\u0649 5 \u0643\u064a\u0644\u0648\u0648\u0627\u0637\/\u0633\u0627\u0639\u0629 \u0645\u0639 \u0628\u0637\u0627\u0631\u064a\u0629 \u0625\u0636\u0627\u0641\u064a\u0629 \u062f\u0644\u062a\u0627 3\u060c \u0623\u0648 \u0628\u0637\u0627\u0631\u064a\u0629 \u0625\u0636\u0627\u0641\u064a\u0629 \u062f\u0644\u062a\u0627 \u0628\u0631\u0648 3\u060c \u0623\u0648 \u0628\u0637\u0627\u0631\u064a\u0629 \u0625\u0636\u0627\u0641\u064a\u0629 \u062f\u0644\u062a\u0627 2\u060c \u0623\u0648 \u0628\u0637\u0627\u0631\u064a\u0629 \u0625\u0636\u0627\u0641\u064a\u0629 \u062f\u0644\u062a\u0627 2 \u0645\u0627\u0643\u0633.<\/li>\n<li>\u062e\u0631\u062c \u062a\u064a\u0627\u0631 \u0645\u062a\u0631\u062f\u062f \u0628\u0642\u0648\u0629 1800 \u0648\u0627\u0637\u060c \u0648 2200 \u0648\u0627\u0637 (\u0630\u0631\u0648\u0629 3600 \u0648\u0627\u0637) \u0645\u0639 \u062e\u0627\u0635\u064a\u0629 X-Boost<\/li>\n<li>5 \u0637\u0631\u0642 \u0634\u062d\u0646 \u0633\u0631\u064a\u0639 (\u062a\u064a\u0627\u0631 \u0645\u062a\u0631\u062f\u062f\u060c \u0634\u0645\u0633\u064a\u060c \u0634\u0627\u062d\u0646 \u0645\u0648\u0644\u062f 800 \u0648\u0627\u0637\u060c \u0645\u0648\u0644\u062f \u0630\u0643\u064a 3000 (\u0648\u0642\u0648\u062f \u0645\u0632\u062f\u0648\u062c)\u060c \u0634\u062d\u0646 \u0645\u062a\u0639\u062f\u062f)<\/li>\n<\/ul>\n","protected":false},"featured_media":133568,"comment_status":"open","ping_status":"closed","template":"","meta":[],"product_brand":[933],"product_cat":[696,713,739],"product_tag":[],"class_list":{"0":"post-133567","1":"product","2":"type-product","3":"status-publish","4":"has-post-thumbnail","6":"product_brand-ecoflow","7":"product_cat-696","8":"product_cat-713","9":"product_cat-739","10":"pa_warranty-warranty-1-year","12":"pa_warranty-716","14":"first","15":"instock","16":"taxable","17":"shipping-taxable","18":"purchasable","19":"product-type-simple"},"_links":{"self":[{"href":"https:\/\/t4gstore.com\/ar\/wp-json\/wp\/v2\/product\/133567","targetHints":{"allow":["GET"]}}],"collection":[{"href":"https:\/\/t4gstore.com\/ar\/wp-json\/wp\/v2\/product"}],"about":[{"href":"https:\/\/t4gstore.com\/ar\/wp-json\/wp\/v2\/types\/product"}],"replies":[{"embeddable":true,"href":"https:\/\/t4gstore.com\/ar\/wp-json\/wp\/v2\/comments?post=133567"}],"version-history":[{"count":0,"href":"https:\/\/t4gstore.com\/ar\/wp-json\/wp\/v2\/product\/133567\/revisions"}],"wp:featuredmedia":[{"embeddable":true,"href":"https:\/\/t4gstore.com\/ar\/wp-json\/wp\/v2\/media\/133568"}],"wp:attachment":[{"href":"https:\/\/t4gstore.com\/ar\/wp-json\/wp\/v2\/media?parent=133567"}],"wp:term":[{"taxonomy":"product_brand","embeddable":true,"href":"https:\/\/t4gstore.com\/ar\/wp-json\/wp\/v2\/product_brand?post=133567"},{"taxonomy":"product_cat","embeddable":true,"href":"https:\/\/t4gstore.com\/ar\/wp-json\/wp\/v2\/product_cat?post=133567"},{"taxonomy":"product_tag","embeddable":true,"href":"https:\/\/t4gstore.com\/ar\/wp-json\/wp\/v2\/product_tag?post=133567"}],"curies":[{"name":"wp","href":"https:\/\/api.w.org\/{rel}","templated":true}]}}